{"id":1045,"date":"2024-04-07T11:53:06","date_gmt":"2024-04-07T10:53:06","guid":{"rendered":"http:\/\/www.ecolelacanopee.fr\/?page_id=1045"},"modified":"2025-11-01T17:05:11","modified_gmt":"2025-11-01T16:05:11","slug":"la-clase-verte-annuelle","status":"publish","type":"page","link":"https:\/\/www.ecolelacanopee.fr\/?page_id=1045","title":{"rendered":"La classe verte annuelle"},"content":{"rendered":"\n<p>Imaginez une semaine enti\u00e8re o\u00f9 les enfants de 2 \u00e0 11 ans, peuvent se plonger dans la nature, d\u00e9couvrir les animaux de la ferme et apprendre de mani\u00e8re pratique d\u2019o\u00f9 viennent les aliments et les utiliser. Cette exp\u00e9rience immersive, sans la pr\u00e9sence des parents, est une v\u00e9ritable aventure pour nos jeunes apprenants.<\/p>\n\n\n\n<div class=\"wp-block-columns is-layout-flex wp-container-3\">\n<div class=\"wp-block-column is-layout-flow\">\n<figure class=\"wp-block-video\"><video controls src=\"https:\/\/www.ecolelacanopee.fr\/wp-content\/uploads\/2025\/11\/classe-verte-2024.mp4\"><\/video><\/figure>\n<\/div>\n\n\n\n<div class=\"wp-block-column is-layout-flow\">\n<figure class=\"wp-block-video\"><video controls src=\"https:\/\/www.ecolelacanopee.fr\/wp-content\/uploads\/2025\/11\/atelier-menuiserie-avril-25-1.mov\"><\/video><\/figure>\n<\/div>\n<\/div>\n\n\n\n<figure class=\"wp-block-gallery has-nested-images columns-default is-cropped wp-block-gallery-4 is-layout-flex\">\n<figure class=\"wp-block-image size-large\"><a href=\"https:\/\/www.ecolelacanopee.fr\/wp-content\/uploads\/2025\/05\/BDFE466D-7BA4-43B7-BBCD-E98437DD0144-scaled.jpg\"><img decoding=\"async\" loading=\"lazy\" width=\"768\" height=\"1024\" data-id=\"1191\"  src=\"https:\/\/www.ecolelacanopee.fr\/wp-content\/uploads\/2025\/05\/BDFE466D-7BA4-43B7-BBCD-E98437DD0144-768x1024.jpg\" alt=\"\" class=\"wp-image-1191\" srcset=\"https:\/\/www.ecolelacanopee.fr\/wp-content\/uploads\/2025\/05\/BDFE466D-7BA4-43B7-BBCD-E98437DD0144-768x1024.jpg 768w, https:\/\/www.ecolelacanopee.fr\/wp-content\/uploads\/2025\/05\/BDFE466D-7BA4-43B7-BBCD-E98437DD0144-225x300.jpg 225w, https:\/\/www.ecolelacanopee.fr\/wp-content\/uploads\/2025\/05\/BDFE466D-7BA4-43B7-BBCD-E98437DD0144-1152x1536.jpg 1152w, https:\/\/www.ecolelacanopee.fr\/wp-content\/uploads\/2025\/05\/BDFE466D-7BA4-43B7-BBCD-E98437DD0144-1536x2048.jpg 1536w, https:\/\/www.ecolelacanopee.fr\/wp-content\/uploads\/2025\/05\/BDFE466D-7BA4-43B7-BBCD-E98437DD0144-624x832.jpg 624w, https:\/\/www.ecolelacanopee.fr\/wp-content\/uploads\/2025\/05\/BDFE466D-7BA4-43B7-BBCD-E98437DD0144-scaled.jpg 1920w\" sizes=\"(max-width: 768px) 100vw, 768px\" \/><\/a><\/figure>\n\n\n\n<figure class=\"wp-block-image size-large\"><a href=\"https:\/\/www.ecolelacanopee.fr\/wp-content\/uploads\/2025\/05\/BFB3F2DA-B76C-4ED0-A4D5-E5E6262D5AFF.jpg\"><img decoding=\"async\" loading=\"lazy\" width=\"768\" height=\"1024\" data-id=\"1189\"  src=\"https:\/\/www.ecolelacanopee.fr\/wp-content\/uploads\/2025\/05\/BFB3F2DA-B76C-4ED0-A4D5-E5E6262D5AFF-768x1024.jpg\" alt=\"\" class=\"wp-image-1189\" srcset=\"https:\/\/www.ecolelacanopee.fr\/wp-content\/uploads\/2025\/05\/BFB3F2DA-B76C-4ED0-A4D5-E5E6262D5AFF-768x1024.jpg 768w, https:\/\/www.ecolelacanopee.fr\/wp-content\/uploads\/2025\/05\/BFB3F2DA-B76C-4ED0-A4D5-E5E6262D5AFF-225x300.jpg 225w, https:\/\/www.ecolelacanopee.fr\/wp-content\/uploads\/2025\/05\/BFB3F2DA-B76C-4ED0-A4D5-E5E6262D5AFF-1152x1536.jpg 1152w, https:\/\/www.ecolelacanopee.fr\/wp-content\/uploads\/2025\/05\/BFB3F2DA-B76C-4ED0-A4D5-E5E6262D5AFF-624x832.jpg 624w, https:\/\/www.ecolelacanopee.fr\/wp-content\/uploads\/2025\/05\/BFB3F2DA-B76C-4ED0-A4D5-E5E6262D5AFF.jpg 1536w\" sizes=\"(max-width: 768px) 100vw, 768px\" \/><\/a><\/figure>\n\n\n\n<figure class=\"wp-block-image size-large\"><a href=\"https:\/\/www.ecolelacanopee.fr\/wp-content\/uploads\/2025\/05\/FE1AB00D-844F-4925-8DE7-02F81A8E67CC-scaled.jpg\"><img decoding=\"async\" loading=\"lazy\" width=\"768\" height=\"1024\" data-id=\"1187\"  src=\"https:\/\/www.ecolelacanopee.fr\/wp-content\/uploads\/2025\/05\/FE1AB00D-844F-4925-8DE7-02F81A8E67CC-768x1024.jpg\" alt=\"\" class=\"wp-image-1187\" srcset=\"https:\/\/www.ecolelacanopee.fr\/wp-content\/uploads\/2025\/05\/FE1AB00D-844F-4925-8DE7-02F81A8E67CC-768x1024.jpg 768w, https:\/\/www.ecolelacanopee.fr\/wp-content\/uploads\/2025\/05\/FE1AB00D-844F-4925-8DE7-02F81A8E67CC-225x300.jpg 225w, https:\/\/www.ecolelacanopee.fr\/wp-content\/uploads\/2025\/05\/FE1AB00D-844F-4925-8DE7-02F81A8E67CC-1152x1536.jpg 1152w, https:\/\/www.ecolelacanopee.fr\/wp-content\/uploads\/2025\/05\/FE1AB00D-844F-4925-8DE7-02F81A8E67CC-1536x2048.jpg 1536w, https:\/\/www.ecolelacanopee.fr\/wp-content\/uploads\/2025\/05\/FE1AB00D-844F-4925-8DE7-02F81A8E67CC-624x832.jpg 624w, https:\/\/www.ecolelacanopee.fr\/wp-content\/uploads\/2025\/05\/FE1AB00D-844F-4925-8DE7-02F81A8E67CC-scaled.jpg 1920w\" sizes=\"(max-width: 768px) 100vw, 768px\" \/><\/a><\/figure>\n<\/figure>\n\n\n\n<p>Les avantages d&rsquo;une telle exp\u00e9rience sont nombreux.<\/p>\n\n\n\n<p>Tout d&rsquo;abord, les enfants ont la chance de vivre une exp\u00e9rience d&rsquo;apprentissage pratique et immersive. En observant et en interagissant avec les animaux de la ferme, ils peuvent comprendre de mani\u00e8re concr\u00e8te la vie animale et les cycles de la nature. Ils apprennent \u00e0 soigner les animaux, \u00e0 cultiver des l\u00e9gumes, \u00e0 observer la faune et la flore, et bien plus encore.<\/p>\n\n\n\n<p>De plus, en s\u2019impliquant dans des actions concr\u00e8tes et quotidiennes, comme par exemple trier les d\u00e9chets en fin de repas pour les apporter aux animaux ou les mettre dans le compost, ils d\u00e9veloppent une conscience environnementale durable qui les guidera tout au long de leur vie.<\/p>\n\n\n\n<p>Mais ce n&rsquo;est pas tout, \u00e0 La Canop\u00e9e, nos \u00e9l\u00e8ves travaillent d\u00e9j\u00e0 en \u00e9quipe, en coop\u00e9rant et en communiquant avec leurs camarades de tous \u00e2ges. Durant la classe verte, ils ont l\u2019occasion de l\u2019exp\u00e9rimenter sur tous les temps de vie tout au long de ces cinq jours. Ils renforcent leur esprit d&rsquo;\u00e9quipe et leur empathie.<\/p>\n\n\n\n<p>L\u2019absence de pr\u00e9sence parentale lors de ce s\u00e9jour, permet \u00e0 nos \u00e9l\u00e8ves de d\u00e9velopper, en douceur gr\u00e2ce \u00e0 la pr\u00e9sence de leurs camarades et de l\u2019\u00e9quipe p\u00e9dagogique, leur autonomie et leur confiance en eux.<\/p>\n\n\n\n<p>En organisant cette classe verte \u00e0 la ferme, nous offrons \u00e0 nos \u00e9l\u00e8ves une exp\u00e9rience \u00e9ducative inoubliable et des souvenirs qui les accompagneront tout au long de leur vie.<\/p>\n","protected":false},"excerpt":{"rendered":"<p>Imaginez une semaine enti\u00e8re o\u00f9 les enfants de 2 \u00e0 11 ans, peuvent se plonger dans la nature, d\u00e9couvrir les animaux de la ferme et apprendre de mani\u00e8re pratique d\u2019o\u00f9 viennent les aliments et les utiliser. Cette exp\u00e9rience immersive, sans la pr\u00e9sence des parents, est une v\u00e9ritable aventure pour nos jeunes apprenants. Les avantages d&rsquo;une [&hellip;]<\/p>\n","protected":false},"author":2,"featured_media":0,"parent":0,"menu_order":0,"comment_status":"closed","ping_status":"closed","template":"","meta":[],"_links":{"self":[{"href":"https:\/\/www.ecolelacanopee.fr\/index.php?rest_route=\/wp\/v2\/pages\/1045"}],"collection":[{"href":"https:\/\/www.ecolelacanopee.fr\/index.php?rest_route=\/wp\/v2\/pages"}],"about":[{"href":"https:\/\/www.ecolelacanopee.fr\/index.php?rest_route=\/wp\/v2\/types\/page"}],"author":[{"embeddable":true,"href":"https:\/\/www.ecolelacanopee.fr\/index.php?rest_route=\/wp\/v2\/users\/2"}],"replies":[{"embeddable":true,"href":"https:\/\/www.ecolelacanopee.fr\/index.php?rest_route=%2Fwp%2Fv2%2Fcomments&post=1045"}],"version-history":[{"count":9,"href":"https:\/\/www.ecolelacanopee.fr\/index.php?rest_route=\/wp\/v2\/pages\/1045\/revisions"}],"predecessor-version":[{"id":1374,"href":"https:\/\/www.ecolelacanopee.fr\/index.php?rest_route=\/wp\/v2\/pages\/1045\/revisions\/1374"}],"wp:attachment":[{"href":"https:\/\/www.ecolelacanopee.fr\/index.php?rest_route=%2Fwp%2Fv2%2Fmedia&parent=1045"}],"curies":[{"name":"wp","href":"https:\/\/api.w.org\/{rel}","templated":true}]}}