{"id":217,"date":"2014-08-07T12:46:59","date_gmt":"2014-08-07T11:46:59","guid":{"rendered":"http:\/\/www.ecolelacanopee.fr\/?page_id=217"},"modified":"2020-07-16T15:58:47","modified_gmt":"2020-07-16T14:58:47","slug":"ateliers-extrascolaires","status":"publish","type":"page","link":"https:\/\/www.ecolelacanopee.fr\/?page_id=217","title":{"rendered":"Ateliers extrascolaires ouverts \u00e0 tous"},"content":{"rendered":"<h3>\u00a0<a href=\"http:\/\/www.ecolelacanopee.fr\/wp-content\/uploads\/2020\/07\/Dossier-inscription-clubs-ateliers-EX-2020-2021.pdf\">Dossier inscription clubs ateliers EX 2020 20212<\/a><\/h3>\n<h3><span style=\"color: #0000ff;\">2 Ateliers anglophones<\/span><\/h3>\n<h5><span style=\"color: #0000ff;\">Pour les\u00a0\u00e9l\u00e8ves de La Canop\u00e9e et les\u00a0enfants ne fr\u00e9quentant pas l&rsquo;\u00e9cole :<\/span><\/h5>\n<h1><span style=\"text-decoration: underline; color: #0000ff;\">Le club multi-activit\u00e9s :\u00a0<\/span><\/h1>\n<p><span style=\"color: #0000ff;\">La Canop\u00e9e propose des activit\u00e9s ludiques en anglais tous les jours apr\u00e8s l\u2019\u00e9cole, le mercredi\u00a0et pendant les vacances scolaires. Nos animateurs et animatrices sont de langue maternelle anglaise.<\/span><\/p>\n<p><span style=\"color: #0000ff;\">Les Clubs Anglophones Multi-activit\u00e9s\u00a0permettent de pratiquer des activit\u00e9s vari\u00e9es en anglais tout en d\u00e9veloppant l&rsquo;imagination et la confiance en soi :\u00a0Botanique,Cuisine, Danse, Chants, Th\u00e9\u00e2tre, Arts plastiques, Couture, Sciences.<\/span><\/p>\n<p><span style=\"color: #0000ff;\">Nous n\u2019enseignons pas l\u2019anglais en tant que tel, nous l\u2019utilisons pour les activit\u00e9s effectu\u00e9es dans les ateliers. De cette fa\u00e7on, l\u2019enfant apprend progressivement l\u2019anglais sans s\u2019en rendre compte, de la m\u00eame mani\u00e8re qu\u2019il a appris sa langue maternelle.<\/span><\/p>\n<p><span style=\"color: #0000ff;\">Les jeunes enfants ont un contact tout \u00e0 fait diff\u00e9rent avec les langues que les adolescents ou les adultes. Ils apprennent par imitation, sous forme de jeu, sans effort. Les m\u00e9canismes qu&rsquo;ils mettent en \u0153uvre de fa\u00e7on inconsciente pour apprendre une langue \u00e9trang\u00e8re sont les m\u00eames que ceux mis en \u0153uvre pour l&rsquo;apprentissage de leur langue maternelle.<\/span><\/p>\n<p><span style=\"color: #0000ff;\">Ces m\u00e9canismes sont des m\u00e9canismes de types intuitifs et ils donnent des r\u00e9sultats spectaculaires, tant les capacit\u00e9s des jeunes enfants pour apprendre les langues sont grandes. Ces capacit\u00e9s baissent progressivement avec l&rsquo;\u00e2ge et elles disparaissent apr\u00e8s l&rsquo;\u00e2ge de 10 ans. C&rsquo;est la raison pour laquelle la pr\u00e9cocit\u00e9 dans l&rsquo;apprentissage des langues est l&rsquo;une des conditions de la r\u00e9ussite.<\/span><\/p>\n<p><span style=\"color: #0000ff;\">Nous proposons \u00e9galement\u00a0des ateliers d&rsquo;expression orale pour les coll\u00e9giens qui pourront ainsi pratiquer l&rsquo;anglais en petits groupes dans un cadre ludique.<\/span><\/p>\n<h1><span style=\"text-decoration: underline; color: #0000ff;\">Le club th\u00e9\u00e2tre :\u00a0<\/span><\/h1>\n<p><span style=\"color: #0000ff;\">Entretenir et d\u00e9velopper son vocabulaire en anglais en s&rsquo;amusant. Et au del\u00e0\u00a0<\/span><span style=\"color: #0000ff;\">du travail\u00a0<\/span><span style=\"color: #0000ff;\">de m\u00e9morisation et d\u2019expression, cet atelier vise \u00e0 rechercher et d\u00e9velopper la confiance,\u00a0<\/span><span style=\"color: #0000ff;\">l\u2019engagement et l\u2019\u00e9panouissement personnel au sein du groupe par l\u2019exp\u00e9rimentation\u00a0<\/span><span style=\"color: #0000ff;\">th\u00e9\u00e2trale. <\/span><\/p>\n<h1><span style=\"color: #0000ff;\">1 Atelier francophones <\/span><\/h1>\n<h5><span style=\"color: #0000ff;\">Pour les\u00a0\u00e9l\u00e8ves de La Canop\u00e9e et les\u00a0enfants ne fr\u00e9quentant pas l&rsquo;\u00e9cole :<\/span><\/h5>\n<h1><span style=\"text-decoration: underline;\">\u00a0<span style=\"color: #0000ff; text-decoration: underline;\">Le\u00a0club d\u2019\u00e9checs :<\/span> <\/span><\/h1>\n<p><span style=\"color: #0000ff;\">La\u00a0pratique du jeu d\u2019\u00e9checs est un excellent stimulant intellectuel pour les enfants et poss\u00e8de de\u00a0<\/span><span style=\"color: #0000ff;\">nombreuses vertus \u00e9ducatives. Elle d\u00e9veloppe en particulier le raisonnement, la cr\u00e9ativit\u00e9 et la\u00a0<\/span><span style=\"color: #0000ff;\">ma\u00eetrise de soi. D\u00e9roulement d\u2019une s\u00e9ance : cours th\u00e9orique sur \u00e9chiquier mural \/ pratique. Grand <\/span><span style=\"color: #0000ff;\">tournoi en fin d\u2019ann\u00e9e. Ces ateliers sont \u00e9galement ouverts<\/span> <span style=\"color: #0000ff;\">aux enfants non scolaris\u00e9s \u00e0 La Canop\u00e9e.<\/span><\/p>\n<p>&nbsp;<\/p>\n<h1><span style=\"color: #ff00ff;\">2 <strong>English workshops<\/strong><\/span><\/h1>\n<h2><span style=\"text-decoration: underline; color: #ff00ff;\">Multi-Activity English Club<\/span><\/h2>\n<p><span style=\"color: #ff00ff;\">La Canop\u00e9e offers fun activities in English every day after school, on Wednesdays\u00a0and during school holidays. Our activity leaders are native English speakers. The \u201cMulti-Activity English Club\u201d allows them to take part in various activities in English, whilst developing their imagination and self-confidence. Themed workshops allow them to take part in specific activities entirely in English: gardening and cooking, dance and choir, yoga, theater, arts and crafts and sewing, or Science.<\/span><\/p>\n<p><span style=\"color: #ff00ff;\">We do not teach English directly; we use it as a tool within the workshop activities. As a result, the children can feel at ease to speak English to other children and adults whilst they are staying in France, maintaining their ability level, whilst learning new vocabulary during the specialist workshops. They will understand that they are not alone in speaking more than one language, finding friends and spending time with adults with a similar background and experience of different languages and cultures.<\/span><\/p>\n<h2><span style=\"text-decoration: underline; color: #ff00ff;\"><strong>Theater Club\u00a0<\/strong><\/span><\/h2>\n<p><span style=\"color: #ff00ff;\">Acting in English <span class=\"st\">can provide you with a high level of motivation while you increase your bank of English vocabulary.<\/span> Beyond the work of memorization and expression, this workshop aims to develop self\u00adconfidence, commitment and personal growth within the group through theatrical experimentation. Presentation at the end of the year.<\/span><\/p>\n<h1><span style=\"color: #ff00ff;\"><strong>1 French Workshop<\/strong><\/span><\/h1>\n<h5><span style=\"color: #ff00ff;\">For the students of La Canop\u00e9e and children who do not attend the school<\/span><\/h5>\n<h2><span style=\"text-decoration: underline; color: #ff00ff;\"><strong>Chess Club\u00a0<\/strong><\/span><\/h2>\n<p><span style=\"color: #ff00ff;\">The practice of chess is an excellent intellectual stimulus for children and possesses many educational virtues. Chess particularly develops reasoning, creativity and mastery of self. Typical lesson plan: theoretical course on the chessboard and practice. There will be an end of the year tournament.<\/span><\/p>\n<p><span style=\"color: #ff00ff;\">These workshops are also open to children that are not enrolled at La Canop\u00e9e.<\/span><\/p>\n<h2>\u00ad<\/h2>\n<p><span style=\"color: #ff00ff;\">The workshops will open as soon as 6 children have enrolled.<\/span><\/p>\n<p><span style=\"color: #ff00ff;\">\u00a0<\/span><\/p>\n<p>&nbsp;<\/p>\n<p><span style=\"color: #0000ff;\">\u00a0<\/span><\/p>\n<p>&nbsp;<\/p>\n","protected":false},"excerpt":{"rendered":"<p>\u00a0Dossier inscription clubs ateliers EX 2020 20212 2 Ateliers anglophones Pour les\u00a0\u00e9l\u00e8ves de La Canop\u00e9e et les\u00a0enfants ne fr\u00e9quentant pas l&rsquo;\u00e9cole : Le club multi-activit\u00e9s :\u00a0 La Canop\u00e9e propose des activit\u00e9s ludiques en anglais tous les jours apr\u00e8s l\u2019\u00e9cole, le mercredi\u00a0et pendant les vacances scolaires. Nos animateurs et animatrices sont de langue maternelle anglaise. Les [&hellip;]<\/p>\n","protected":false},"author":2,"featured_media":0,"parent":0,"menu_order":9,"comment_status":"closed","ping_status":"open","template":"","meta":[],"_links":{"self":[{"href":"https:\/\/www.ecolelacanopee.fr\/index.php?rest_route=\/wp\/v2\/pages\/217"}],"collection":[{"href":"https:\/\/www.ecolelacanopee.fr\/index.php?rest_route=\/wp\/v2\/pages"}],"about":[{"href":"https:\/\/www.ecolelacanopee.fr\/index.php?rest_route=\/wp\/v2\/types\/page"}],"author":[{"embeddable":true,"href":"https:\/\/www.ecolelacanopee.fr\/index.php?rest_route=\/wp\/v2\/users\/2"}],"replies":[{"embeddable":true,"href":"https:\/\/www.ecolelacanopee.fr\/index.php?rest_route=%2Fwp%2Fv2%2Fcomments&post=217"}],"version-history":[{"count":0,"href":"https:\/\/www.ecolelacanopee.fr\/index.php?rest_route=\/wp\/v2\/pages\/217\/revisions"}],"wp:attachment":[{"href":"https:\/\/www.ecolelacanopee.fr\/index.php?rest_route=%2Fwp%2Fv2%2Fmedia&parent=217"}],"curies":[{"name":"wp","href":"https:\/\/api.w.org\/{rel}","templated":true}]}}