{"id":255,"date":"2014-09-13T09:29:31","date_gmt":"2014-09-13T08:29:31","guid":{"rendered":"http:\/\/www.ecolelacanopee.fr\/?page_id=255"},"modified":"2021-04-06T21:26:37","modified_gmt":"2021-04-06T20:26:37","slug":"philosophie","status":"publish","type":"page","link":"https:\/\/www.ecolelacanopee.fr\/?page_id=255","title":{"rendered":"Philosophie"},"content":{"rendered":"<p><span style=\"color: rgb(255, 0, 255);\"><strong>The teaching of young children is not limited to the transmission of knowledge.&nbsp;<\/strong>Our ambition is to support each child in&nbsp;<strong>all<\/strong>&nbsp;areas of learning throughout their school career. Beyond the purely academic, this includes: their physical and emotional development, the expression of their strengths and their knowledge and understanding of the World.<\/span><\/p>\n<p><span style=\"color: #ff00ff;\">Our&nbsp;<strong>interactive and differentiated teaching methods<\/strong>&nbsp;encourage an enthusiastic and positive attitude to each subject in a bilingual environment. In developing curiosity and the initiative of each child, our teaching team promotes speaking and listening skills, confidence and respect for themselves and others.<\/span><\/p>\n<p><span style=\"color: #ff00ff;\">Our teachers work together to produce an&nbsp;<strong>individual \u2018Achievement Book\u2019 for each child. This is then integrated into a global project for the class.&nbsp;<\/strong>They follow each child thoroughly; motivating and encouraging them at every step. Each child must feel free to express themselves, to be creative, to take risks, to think, to be logical, to question, to experiment, to make choices and&nbsp;<strong>to succeed whilst learning at their own pace and fulfilling their potential.<\/strong><\/span><\/p>\n<p><span style=\"color: #ff00ff;\"><strong>The daily organisation of our mixed and broad curriculum respects the children&rsquo;s biological rhythm.<\/strong>&nbsp;The timetable differs depending on the age of the children. Sport, art and gardening are held in the afternoons, according to a rota.<\/span><\/p>\n<p><span style=\"color: #ff00ff;\">Our curriculum, leading to entrance into secondary school follows the rhythm of each child. Be it fast or slow and always at their own pace, it assures that they will reach their next school with an excellent level and the desire to learn.<\/span><\/p>\n<p><span style=\"color: #0000ff;\"><strong>Enseigner \u00e0 de jeunes enfants ne se limite pas \u00e0 transmettre des connaissances<\/strong>. Notre ambition est de soutenir chaque \u00e9l\u00e8ve, tout au long de sa scolarit\u00e9, dans son d\u00e9veloppement physique et \u00e9motionnel, dans l\u2019expression de ses aptitudes personnelles (artistiques, sportives, intellectuelles\u2026) et dans l\u2019acquisition progressive d\u2019excellentes bases.<\/span><\/p>\n<p><span style=\"color: #0000ff;\">Notre&nbsp;<strong>p\u00e9dagogie interactive et diff\u00e9renci\u00e9e<\/strong>&nbsp;privil\u00e9gie un v\u00e9cu enthousiaste et positif des divers apprentissages et du bilinguisme.<\/span><\/p>\n<p><span style=\"color: #0000ff;\">En d\u00e9veloppant la curiosit\u00e9 et la prise d\u2019initiatives de chaque enfant, notre \u00e9quipe p\u00e9dagogique valorise l\u2019\u00e9coute, la parole, l\u2019autonomie, la confiance et le respect de soi-m\u00eame et des autres, dans un&nbsp;<strong>environnement multiculturel stimulant.<\/strong><\/span><\/p>\n<p><span style=\"color: #0000ff;\">Nos professeurs travaillent en concertation \u00e0 l\u2019\u00e9laboration d\u2019un&nbsp;<strong>projet individualis\u00e9 par enfant et l\u2019int\u00e8grent dans un projet global de classe.<\/strong><\/span><\/p>\n<p><span style=\"color: #0000ff;\">Ils accompagnent chaque \u00e9l\u00e8ve avec rigueur et bienveillance, en le motivant et en l\u2019encourageant. Chacun doit se sentir libre&nbsp;de s\u2019exprimer, cr\u00e9er, prendre des risques, faire des erreurs, penser, raisonner, questionner, exp\u00e9rimenter, prendre des initiatives, faire des choix\u2026 pour&nbsp;<strong>r\u00e9ussir en apprenant \u00e0 son rythme et en utilisant tout son potentiel<\/strong>.<\/span><\/p>\n<p><span style=\"color: #0000ff;\"><strong>L\u2019organisation journali\u00e8re de notre programme interdisciplinaire respecte les rythmes biologiques.<\/strong>L\u2019emploi du temps diff\u00e8re selon l\u2019\u00e2ge des \u00e9l\u00e8ves. Les cours de sports, d\u2019arts et de botanique ont lieu tous les jours, en alternance, en d\u00e9but d\u2019apr\u00e8s-midi au moment o\u00f9 l\u2019attention des \u00e9l\u00e8ves est au plus bas.<\/span><\/p>\n<p><span style=\"color: #0000ff;\">Ainsi, le cursus menant \u00e0 l\u2019entr\u00e9e en 6\u00e8me&nbsp;se fait au rythme, plus ou moins rapide, de chaque \u00e9l\u00e8ve avec l\u2019assurance d\u2019aborder le coll\u00e8ge en ayant acquis un excellent niveau et d\u00e9velopp\u00e9 l\u2019envie d\u2019apprendre.<\/span><\/p>\n","protected":false},"excerpt":{"rendered":"<p>The teaching of young children is not limited to the transmission of knowledge.&nbsp;Our ambition is to support each child in&nbsp;all&nbsp;areas of learning throughout their school career. Beyond the purely academic, this includes: their physical and emotional development, the expression of their strengths and their knowledge and understanding of the World. Our&nbsp;interactive and differentiated teaching methods&nbsp;encourage [&hellip;]<\/p>\n","protected":false},"author":2,"featured_media":0,"parent":0,"menu_order":0,"comment_status":"closed","ping_status":"open","template":"page-templates\/full-width.php","meta":[],"_links":{"self":[{"href":"https:\/\/www.ecolelacanopee.fr\/index.php?rest_route=\/wp\/v2\/pages\/255"}],"collection":[{"href":"https:\/\/www.ecolelacanopee.fr\/index.php?rest_route=\/wp\/v2\/pages"}],"about":[{"href":"https:\/\/www.ecolelacanopee.fr\/index.php?rest_route=\/wp\/v2\/types\/page"}],"author":[{"embeddable":true,"href":"https:\/\/www.ecolelacanopee.fr\/index.php?rest_route=\/wp\/v2\/users\/2"}],"replies":[{"embeddable":true,"href":"https:\/\/www.ecolelacanopee.fr\/index.php?rest_route=%2Fwp%2Fv2%2Fcomments&post=255"}],"version-history":[{"count":0,"href":"https:\/\/www.ecolelacanopee.fr\/index.php?rest_route=\/wp\/v2\/pages\/255\/revisions"}],"wp:attachment":[{"href":"https:\/\/www.ecolelacanopee.fr\/index.php?rest_route=%2Fwp%2Fv2%2Fmedia&parent=255"}],"curies":[{"name":"wp","href":"https:\/\/api.w.org\/{rel}","templated":true}]}}