{"id":71,"date":"2014-07-30T09:54:39","date_gmt":"2014-07-30T08:54:39","guid":{"rendered":"http:\/\/www.ecolelacanopee.fr\/?page_id=71"},"modified":"2024-04-10T14:43:25","modified_gmt":"2024-04-10T13:43:25","slug":"apprentissage-de-la-lecture","status":"publish","type":"page","link":"https:\/\/www.ecolelacanopee.fr\/?page_id=71","title":{"rendered":"Apprentissage de la lecture"},"content":{"rendered":"<p><span style=\"color: #0000ff;\"><strong>L\u2019apprentissage de la lecture<\/strong> est un des exemples de notre modernisation des m\u00e9thodes traditionnelles ayant fait leurs preuves.<\/span><\/p>\n<p><span style=\"color: #0000ff;\"><strong>L\u2019utilisation de la m\u00e9thode syllabique est la seule \u00e0 \u00eatre adapt\u00e9e \u00e0 tous les enfants en permettant la constitution de solides bases en orthographe.<\/strong><\/span><\/p>\n<p><span style=\"color: #0000ff;\">Mais nous n\u2019attendons pas que les \u00e9l\u00e8ves ma\u00eetrisent une grande partie des phon\u00e8mes pour leur faire lire et \u00e9crire autres choses que des syllabes.&nbsp;Deux consonnes suffisent \u00e0 lire et \u00e9crire des phrases ludiques qui d\u00e9veloppent l\u2019envie d\u2019apprendre, comme&nbsp;: \u00ab&nbsp;Lola a vol\u00e9 le v\u00e9lo.&nbsp;\u00bb&nbsp;Une troisi\u00e8me consonne donne tout de suite de nouvelles possibilit\u00e9s : \u00ab&nbsp;L\u00e9o, le mulot velu, a vomi.&nbsp;\u00bb<\/span><\/p>\n<p><span style=\"color: #ff00ff;\"><strong>Teaching of English phonics gives an important baseline for all of the children, no matter their age. <\/strong>As the children learn sounds they canvery quickly, begin to use this knowledge to sound out simple words. Later, children will blend these sounds to read small and CVC (consonant-vowel-consonant) words, moving onto larger words. The aim is for children to experience the independence of reading specially adapted short books early on.<\/span><\/p>\n<p><span style=\"color: #ff00ff;\">In addition to this, the teaching of phonics can be complimented by learning to recognise common whole words which are often difficult to read through phonetic knowledge alone. For example, \u2018because\u2019 or \u2018was\u2019.<\/span><\/p>\n","protected":false},"excerpt":{"rendered":"<p>L\u2019apprentissage de la lecture est un des exemples de notre modernisation des m\u00e9thodes traditionnelles ayant fait leurs preuves. L\u2019utilisation de la m\u00e9thode syllabique est la seule \u00e0 \u00eatre adapt\u00e9e \u00e0 tous les enfants en permettant la constitution de solides bases en orthographe. Mais nous n\u2019attendons pas que les \u00e9l\u00e8ves ma\u00eetrisent une grande partie des phon\u00e8mes [&hellip;]<\/p>\n","protected":false},"author":2,"featured_media":0,"parent":69,"menu_order":3,"comment_status":"closed","ping_status":"open","template":"page-templates\/full-width.php","meta":[],"_links":{"self":[{"href":"https:\/\/www.ecolelacanopee.fr\/index.php?rest_route=\/wp\/v2\/pages\/71"}],"collection":[{"href":"https:\/\/www.ecolelacanopee.fr\/index.php?rest_route=\/wp\/v2\/pages"}],"about":[{"href":"https:\/\/www.ecolelacanopee.fr\/index.php?rest_route=\/wp\/v2\/types\/page"}],"author":[{"embeddable":true,"href":"https:\/\/www.ecolelacanopee.fr\/index.php?rest_route=\/wp\/v2\/users\/2"}],"replies":[{"embeddable":true,"href":"https:\/\/www.ecolelacanopee.fr\/index.php?rest_route=%2Fwp%2Fv2%2Fcomments&post=71"}],"version-history":[{"count":1,"href":"https:\/\/www.ecolelacanopee.fr\/index.php?rest_route=\/wp\/v2\/pages\/71\/revisions"}],"predecessor-version":[{"id":1085,"href":"https:\/\/www.ecolelacanopee.fr\/index.php?rest_route=\/wp\/v2\/pages\/71\/revisions\/1085"}],"up":[{"embeddable":true,"href":"https:\/\/www.ecolelacanopee.fr\/index.php?rest_route=\/wp\/v2\/pages\/69"}],"wp:attachment":[{"href":"https:\/\/www.ecolelacanopee.fr\/index.php?rest_route=%2Fwp%2Fv2%2Fmedia&parent=71"}],"curies":[{"name":"wp","href":"https:\/\/api.w.org\/{rel}","templated":true}]}}