{"id":73,"date":"2014-07-30T10:05:21","date_gmt":"2014-07-30T09:05:21","guid":{"rendered":"http:\/\/www.ecolelacanopee.fr\/?page_id=73"},"modified":"2024-04-10T14:38:14","modified_gmt":"2024-04-10T13:38:14","slug":"individualisation-du-cursus-scolaire","status":"publish","type":"page","link":"https:\/\/www.ecolelacanopee.fr\/?page_id=73","title":{"rendered":"Individualisation du cursus scolaire"},"content":{"rendered":"<p><span style=\"color: rgb(0, 0, 255);\">Chaque enfant est particulier et exceptionnel, il a besoin de<strong> se surpasser au quotidien.<\/strong><\/span><\/p>\n<p><span style=\"color: rgb(0, 0, 255);\">En d\u00e9but d\u2019ann\u00e9e scolaire, les instituteurs (anglophones\/francophones) et les professeurs sp\u00e9cialis\u00e9s (arts\/sport), collaborent \u00e0 la <strong>cr\u00e9ation d\u2019un<\/strong> <strong>projet individuel<\/strong> pour chaque enfant, adapt\u00e9 \u00e0 ses comp\u00e9tences initiales, \u00e0 ses facilit\u00e9s et ses difficult\u00e9s, \u00e0 son processus d\u2019apprentissage personnel.<\/span><\/p>\n<p><span style=\"color: rgb(0, 0, 255);\">Ce travail concert\u00e9 et enrichi par rapport aux programmes officiels fran\u00e7ais et britannique est rendu possible <strong>gr\u00e2ce \u00e0 l\u2019effectif r\u00e9duit <\/strong>des classes, \u00e0 l\u2019investissement de chaque membre de l\u2019\u00e9quipe p\u00e9dagogique et au partenariat entre l\u2019\u00e9cole et les parents.<\/span><\/p>\n<p><span style=\"color: rgb(0, 0, 255);\">R\u00e9parti en travail collectif, travail en sous-groupe et travail individuel, notre syst\u00e8me d\u2019enseignement permet <strong>l\u2019accompagnement de l\u2019\u00e9l\u00e8ve \u00e0 son propre rythme<\/strong> par le professeur.<\/span><\/p>\n<p><span style=\"color: rgb(0, 0, 255);\">Les \u00e9l\u00e8ves ont ainsi <strong>la libert\u00e9 d\u2019avancer plus ou moins rapidement selon leurs capacit\u00e9s dans chaque mati\u00e8re<\/strong> sans avoir \u00e0 subir le rythme des programmes officiels ou celui de leurs camarades de classe.<\/span><\/p>\n<p><span style=\"color: #ff00ff;\">Each child is special and unique<strong>. They need to have the opportunity to excel themselves every day.<\/strong><\/span><\/p>\n<p><span style=\"color: #ff00ff;\">At the start of the school year all teachers work together to create an individual \u2018Achievement Book\u2019 for each child. This takes into account their initial strengths, areas for improvements and their individual way of learning.<\/span><\/p>\n<p><span style=\"color: #ff00ff;\">The work, which is based on the official French and English curriculum, is possible due to the small numbers of children in the class, the investment of the teaching staff and the partnership between staff and parents. &nbsp;<\/span><\/p>\n<p><span style=\"color: #ff00ff;\">With a combination of collaborative work and individual work, our teaching methods allow the children to be led by their teachers and advance at their own pace, according to their ability in each subject.<\/span><\/p>\n","protected":false},"excerpt":{"rendered":"<p>Chaque enfant est particulier et exceptionnel, il a besoin de se surpasser au quotidien. En d\u00e9but d\u2019ann\u00e9e scolaire, les instituteurs (anglophones\/francophones) et les professeurs sp\u00e9cialis\u00e9s (arts\/sport), collaborent \u00e0 la cr\u00e9ation d\u2019un projet individuel pour chaque enfant, adapt\u00e9 \u00e0 ses comp\u00e9tences initiales, \u00e0 ses facilit\u00e9s et ses difficult\u00e9s, \u00e0 son processus d\u2019apprentissage personnel. Ce travail concert\u00e9 [&hellip;]<\/p>\n","protected":false},"author":2,"featured_media":0,"parent":0,"menu_order":2,"comment_status":"closed","ping_status":"open","template":"","meta":[],"_links":{"self":[{"href":"https:\/\/www.ecolelacanopee.fr\/index.php?rest_route=\/wp\/v2\/pages\/73"}],"collection":[{"href":"https:\/\/www.ecolelacanopee.fr\/index.php?rest_route=\/wp\/v2\/pages"}],"about":[{"href":"https:\/\/www.ecolelacanopee.fr\/index.php?rest_route=\/wp\/v2\/types\/page"}],"author":[{"embeddable":true,"href":"https:\/\/www.ecolelacanopee.fr\/index.php?rest_route=\/wp\/v2\/users\/2"}],"replies":[{"embeddable":true,"href":"https:\/\/www.ecolelacanopee.fr\/index.php?rest_route=%2Fwp%2Fv2%2Fcomments&post=73"}],"version-history":[{"count":1,"href":"https:\/\/www.ecolelacanopee.fr\/index.php?rest_route=\/wp\/v2\/pages\/73\/revisions"}],"predecessor-version":[{"id":1079,"href":"https:\/\/www.ecolelacanopee.fr\/index.php?rest_route=\/wp\/v2\/pages\/73\/revisions\/1079"}],"wp:attachment":[{"href":"https:\/\/www.ecolelacanopee.fr\/index.php?rest_route=%2Fwp%2Fv2%2Fmedia&parent=73"}],"curies":[{"name":"wp","href":"https:\/\/api.w.org\/{rel}","templated":true}]}}