{"id":736,"date":"2022-02-09T15:34:53","date_gmt":"2022-02-09T14:34:53","guid":{"rendered":"http:\/\/www.ecolelacanopee.fr\/?page_id=736"},"modified":"2022-02-09T15:38:06","modified_gmt":"2022-02-09T14:38:06","slug":"736-2","status":"publish","type":"page","link":"https:\/\/www.ecolelacanopee.fr\/?page_id=736","title":{"rendered":"Mentions l\u00e9gales"},"content":{"rendered":"\n<p><\/p>\n\n\n\n<p><strong>MENTIONS LEGALES<\/strong><\/p>\n\n\n\n<p><strong><u>COORDONNEES DE LA SOCIETE<\/u><\/strong><\/p>\n\n\n\n<p>Le site internet <a href=\"http:\/\/www.ecolelacanopee.fr\/\">http:\/\/www.ecolelacanopee.fr\/<\/a> (ci-apr\u00e8s d\u00e9nomm\u00e9 le \u00ab Site \u00bb) et tous ses sous-domaines sont d\u00e9tenus et g\u00e9r\u00e9s par la soci\u00e9t\u00e9 La Canop\u00e9e, SAS (ci-apr\u00e8s d\u00e9nomm\u00e9e \u00ab&nbsp;<strong>la Canop\u00e9e<\/strong>\u00bb), au capital social de&nbsp;<strong>59000<\/strong> \u20ac, immatricul\u00e9e au RCS de <strong>Paris <\/strong>sous le n\u00b0 B 803&nbsp;581&nbsp;693, dont le si\u00e8ge social est sis 21 passage Dubail 75010, prise en la personne de son repr\u00e9sentant l\u00e9gal en exercice Madame Christina Da Silva<\/p>\n\n\n\n<p>Adresse&nbsp;postale :21 passage Dubail 75010 Paris<\/p>\n\n\n\n<p>E-mail : contact@ecolelacanopee.fr<\/p>\n\n\n\n<p>T\u00e9l\u00e9phone : 06 72 58 99 78<\/p>\n\n\n\n<p><strong><u>DIRECTEUR DE LA PUBLICATION \/ RESPONSABLE EDITORIAL<\/u><\/strong><\/p>\n\n\n\n<p>Le directeur de la publication est Madame Christina Da Silva, Pr\u00e9sidente<\/p>\n\n\n\n<p><strong><u>COORDONNEES DE L\u2019HEBERGEUR<\/u><\/strong><\/p>\n\n\n\n<p>Le prestataire assurant l\u2019h\u00e9bergement du Site est&nbsp;:<\/p>\n\n\n\n<p>OVH ,<\/p>\n\n\n\n<p>SAS au capital de 10 069 020 \u20ac<\/p>\n\n\n\n<p>RCS Lille M\u00e9tropole 424 761 419 00045<\/p>\n\n\n\n<p>Code APE 2620Z<\/p>\n\n\n\n<p>Si\u00e8ge social : 2 rue Kellermann &#8211; 59100 Roubaix &#8211; France XXXXX<\/p>\n\n\n\n<p>Contact&nbsp;: https:\/\/www.ovhcloud.com\/fr\/contact-sales\/<\/p>\n\n\n\n<p><strong><u>CONCEPTION GRAPHIQUE ET ERGONOMIQUE<\/u><\/strong><\/p>\n\n\n\n<p>Le Site a \u00e9t\u00e9 con\u00e7u et r\u00e9alis\u00e9 par La Canop\u00e9e<\/p>\n\n\n\n<p><strong><u>CREDITS PHOTOS<\/u><\/strong><\/p>\n\n\n\n<p>Les photographies, vid\u00e9os, infographies et autres \u00e9l\u00e9ments techniques et graphiques disponibles sur le Site sont la cr\u00e9ation de la Canop\u00e9e. En application du Code de la propri\u00e9t\u00e9 intellectuelle, toute reproduction ou repr\u00e9sentation partielle ou totale des \u0153uvres non libres de droit, pour quelque usage que ce soit est interdite sans l\u2019accord pr\u00e9alable des titulaires de droits.<\/p>\n\n\n\n<p><strong><u>PROPRIETE INTELLECTUELLE<\/u><\/strong><strong>&nbsp;&nbsp;&nbsp;&nbsp;&nbsp;&nbsp;&nbsp;&nbsp;<\/strong><\/p>\n\n\n\n<p>Le Site, les \u00e9l\u00e9ments composant le Site et les produits\/services pr\u00e9sent\u00e9s sur le Site sont prot\u00e9g\u00e9s par le droit de la propri\u00e9t\u00e9 intellectuelle, \u00e0 savoir notamment le droit d\u2019auteur et\/ou le droit des marques et\/ou le droit des dessins et mod\u00e8les et\/ou le droit des brevets d\u2019invention.<\/p>\n\n\n\n<p>LA CANOP\u00c9E dispose des autorisations n\u00e9cessaires expresse et pr\u00e9alable de la part des tiers titulaires des droits pour diffuser l\u2019int\u00e9gralit\u00e9 du contenu du Site ou rendu disponible \u00e0 travers le Site et notamment, les textes, dessins, graphiques, images, photos, marques et logos dont il ne serait pas titulaire.<\/p>\n\n\n\n<p>Ces contenus sont prot\u00e9g\u00e9s par des droits de propri\u00e9t\u00e9 intellectuelle. <strong>La Canop\u00e9e<\/strong> consent \u00e0 l\u2019internaute un droit d\u2019usage priv\u00e9 non exclusif du Site \u00e0 des fins de consultation. L\u2019internaute s\u2019interdit de copier, modifier, retranscrire, extraire, r\u00e9utiliser et d\u2019une mani\u00e8re g\u00e9n\u00e9rale reproduire et diffuser lesdits contenus sans l\u2019autorisation expresse des titulaires des droits. Toute autre utilisation autre qu\u2019\u00e0 titre d\u2019usage priv\u00e9 est constitutive de contrefa\u00e7on au titre du Code de la propri\u00e9t\u00e9 intellectuelle et sera susceptible de donner lieu \u00e0 des poursuites judiciaires p\u00e9nalement sanctionn\u00e9es men\u00e9es \u00e0 son encontre.<\/p>\n\n\n\n<p>De fa\u00e7on g\u00e9n\u00e9rale, l\u2019internaute s\u2019engage \u00e0 ne pas porter atteinte de quelque mani\u00e8re que ce soit aux Site, produits, services etc. ni \u00e0 en faire un usage impropre qui discr\u00e9diterait ou d\u00e9valoriserait directement ou indirectement <strong>La Canop\u00e9e<\/strong> et\/ou ses produits\/services et\/ou son image.<\/p>\n\n\n\n<p><strong><u>LIENS HYPERTEXTES<\/u><\/strong><\/p>\n\n\n\n<p><strong>La Canop\u00e9e<\/strong> peut offrir des liens hypertextes vers d\u2019autres sites internet ou d\u2019autres ressources disponibles sur Internet. La responsabilit\u00e9 de <strong>La Canop\u00e9e<\/strong> ne saurait \u00eatre engag\u00e9e par le contenu de sites non \u00e9dit\u00e9s par lui-m\u00eame et ne dispose d\u2019aucun moyen pour contr\u00f4ler les sites en connexions par le biais des hyperliens.<\/p>\n\n\n\n<p>Les Utilisateurs du Site ne peuvent pas mettre en place un lien hypertexte en direction de ce site sans l\u2019autorisation expresse et pr\u00e9alable de la soci\u00e9t\u00e9 <strong>La Canop\u00e9e<\/strong>. Dans l\u2019hypoth\u00e8se o\u00f9 un Utilisateur souhaiterait mettre en place un lien hypertexte vers le Site<strong>, <\/strong>il lui appartiendra d\u2019adresser un courriel \u00e0 <strong>La Canop\u00e9e <\/strong>afin de formuler sa demande de mise en place.<\/p>\n","protected":false},"excerpt":{"rendered":"<p>MENTIONS LEGALES COORDONNEES DE LA SOCIETE Le site internet http:\/\/www.ecolelacanopee.fr\/ (ci-apr\u00e8s d\u00e9nomm\u00e9 le \u00ab Site \u00bb) et tous ses sous-domaines sont d\u00e9tenus et g\u00e9r\u00e9s par la soci\u00e9t\u00e9 La Canop\u00e9e, SAS (ci-apr\u00e8s d\u00e9nomm\u00e9e \u00ab&nbsp;la Canop\u00e9e\u00bb), au capital social de&nbsp;59000 \u20ac, immatricul\u00e9e au RCS de Paris sous le n\u00b0 B 803&nbsp;581&nbsp;693, dont le si\u00e8ge social est sis [&hellip;]<\/p>\n","protected":false},"author":2,"featured_media":0,"parent":0,"menu_order":0,"comment_status":"closed","ping_status":"closed","template":"","meta":[],"_links":{"self":[{"href":"https:\/\/www.ecolelacanopee.fr\/index.php?rest_route=\/wp\/v2\/pages\/736"}],"collection":[{"href":"https:\/\/www.ecolelacanopee.fr\/index.php?rest_route=\/wp\/v2\/pages"}],"about":[{"href":"https:\/\/www.ecolelacanopee.fr\/index.php?rest_route=\/wp\/v2\/types\/page"}],"author":[{"embeddable":true,"href":"https:\/\/www.ecolelacanopee.fr\/index.php?rest_route=\/wp\/v2\/users\/2"}],"replies":[{"embeddable":true,"href":"https:\/\/www.ecolelacanopee.fr\/index.php?rest_route=%2Fwp%2Fv2%2Fcomments&post=736"}],"version-history":[{"count":0,"href":"https:\/\/www.ecolelacanopee.fr\/index.php?rest_route=\/wp\/v2\/pages\/736\/revisions"}],"wp:attachment":[{"href":"https:\/\/www.ecolelacanopee.fr\/index.php?rest_route=%2Fwp%2Fv2%2Fmedia&parent=736"}],"curies":[{"name":"wp","href":"https:\/\/api.w.org\/{rel}","templated":true}]}}