{"id":76,"date":"2014-07-30T10:07:55","date_gmt":"2014-07-30T09:07:55","guid":{"rendered":"http:\/\/www.ecolelacanopee.fr\/?page_id=76"},"modified":"2024-04-10T14:39:21","modified_gmt":"2024-04-10T13:39:21","slug":"petits-effectifs","status":"publish","type":"page","link":"https:\/\/www.ecolelacanopee.fr\/?page_id=76","title":{"rendered":"16 \u00e9l\u00e8ves par classe"},"content":{"rendered":"<p><span style=\"color: #0000ff;\">Le d\u00e9veloppement intellectuel, social et \u00e9motionnel d\u2019un enfant suit des \u00e9tapes pr\u00e9visibles, mais selon un rythme propre \u00e0 chacun.<\/span><\/p>\n<p><span style=\"color: #0000ff;\">Nous faisons le choix d\u2019adopter un syst\u00e8me de <strong>classes multi-niveaux \u00e0 petits effectifs<\/strong>, 16 \u00e9l\u00e8ves par classe, favorisant une <strong>progression continue<\/strong>.<\/span><\/p>\n<p><span style=\"color: #0000ff;\">Les \u00e9l\u00e8ves ont ainsi la chance de d\u00e9couvrir, pratiquer et revoir des concepts en tant que \u00ab&nbsp;novices&nbsp;\u00bb ou \u00ab&nbsp;mentors&nbsp;\u00bb selon la notion abord\u00e9e.<\/span><\/p>\n<p><span style=\"color: #0000ff;\">Ce suivi v\u00e9ritablement personnalis\u00e9 permet de garantir \u00e0 chacun l\u2019attention dont il a besoin pour <strong>exprimer pleinement son potentiel dans un cadre \u00e0 la fois bienveillant et exigeant<\/strong>.<\/span><\/p>\n<p><span style=\"color: #ff00ff;\">The intellectual, social and emotional development of a child follows predictable stages, but according to each child&rsquo;s own rhythm.<\/span><\/p>\n<p><span style=\"color: #ff00ff;\">We have made the choice to adopt a system of multi-level classes with small numbers of children, 16 per class, allowing a continuous progression.<\/span><\/p>\n<p><span style=\"color: #ff00ff;\">As a result, the children have the chance to discover, practice and revise concepts at the level of \u00ab\u00a0beginner\u00a0\u00bb or \u00ab\u00a0mentor,\u00a0\u00bb according to the notion targeted.<\/span><\/p>\n<p><span style=\"color: #ff00ff;\">This truly personalised approach allows each child to be guaranteed the attention that they need to fulfil their potential. This is done in an environment which is encouraging and yet, has high expectations.<\/span><\/p>\n","protected":false},"excerpt":{"rendered":"<p>Le d\u00e9veloppement intellectuel, social et \u00e9motionnel d\u2019un enfant suit des \u00e9tapes pr\u00e9visibles, mais selon un rythme propre \u00e0 chacun. Nous faisons le choix d\u2019adopter un syst\u00e8me de classes multi-niveaux \u00e0 petits effectifs, 16 \u00e9l\u00e8ves par classe, favorisant une progression continue. Les \u00e9l\u00e8ves ont ainsi la chance de d\u00e9couvrir, pratiquer et revoir des concepts en tant [&hellip;]<\/p>\n","protected":false},"author":2,"featured_media":0,"parent":0,"menu_order":1,"comment_status":"closed","ping_status":"open","template":"","meta":[],"_links":{"self":[{"href":"https:\/\/www.ecolelacanopee.fr\/index.php?rest_route=\/wp\/v2\/pages\/76"}],"collection":[{"href":"https:\/\/www.ecolelacanopee.fr\/index.php?rest_route=\/wp\/v2\/pages"}],"about":[{"href":"https:\/\/www.ecolelacanopee.fr\/index.php?rest_route=\/wp\/v2\/types\/page"}],"author":[{"embeddable":true,"href":"https:\/\/www.ecolelacanopee.fr\/index.php?rest_route=\/wp\/v2\/users\/2"}],"replies":[{"embeddable":true,"href":"https:\/\/www.ecolelacanopee.fr\/index.php?rest_route=%2Fwp%2Fv2%2Fcomments&post=76"}],"version-history":[{"count":1,"href":"https:\/\/www.ecolelacanopee.fr\/index.php?rest_route=\/wp\/v2\/pages\/76\/revisions"}],"predecessor-version":[{"id":1080,"href":"https:\/\/www.ecolelacanopee.fr\/index.php?rest_route=\/wp\/v2\/pages\/76\/revisions\/1080"}],"wp:attachment":[{"href":"https:\/\/www.ecolelacanopee.fr\/index.php?rest_route=%2Fwp%2Fv2%2Fmedia&parent=76"}],"curies":[{"name":"wp","href":"https:\/\/api.w.org\/{rel}","templated":true}]}}