{"id":818,"date":"2023-04-27T17:55:52","date_gmt":"2023-04-27T16:55:52","guid":{"rendered":"http:\/\/www.ecolelacanopee.fr\/?page_id=818"},"modified":"2024-04-07T10:28:20","modified_gmt":"2024-04-07T09:28:20","slug":"lavis-des-parents","status":"publish","type":"page","link":"https:\/\/www.ecolelacanopee.fr\/?page_id=818","title":{"rendered":"Nos parents vous parlent de nous"},"content":{"rendered":"\n<p><a href=\"https:\/\/www.linkedin.com\/in\/ACoAAAtPAkQBGrE6sgnYbxUuPdKDgqWfNRcdOBw\"><\/a><\/p>\n\n\n\n<hr class=\"wp-block-separator has-css-opacity is-style-default\"\/>\n\n\n<div class=\"wp-block-image is-style-rounded\">\n<figure class=\"aligncenter size-full is-resized\"><a href=\"http:\/\/www.ecolelacanopee.fr\/wp-content\/uploads\/2024\/04\/Cherine-Ghouli.png\"><img decoding=\"async\" loading=\"lazy\" src=\"http:\/\/www.ecolelacanopee.fr\/wp-content\/uploads\/2024\/04\/Cherine-Ghouli.png\" alt=\"\" class=\"wp-image-994\" width=\"82\" height=\"82\"\/><\/a><\/figure><\/div>\n\n\n<blockquote class=\"wp-block-quote has-text-align-center is-style-large\">\n<p class=\"has-text-align-center\">\u00ab&nbsp;&nbsp;Classe verte ! C\u2019est l\u2019un des meilleurs \u00e9v\u00e9nements de l\u2019ann\u00e9e \u00e0 la Canop\u00e9e qu\u2019on attend tous avec impatience tous les ans <img decoding=\"async\" loading=\"lazy\" height=\"16\" width=\"16\" src=\"https:\/\/static.xx.fbcdn.net\/images\/emoji.php\/v9\/t4c\/1\/16\/1f642.png\" alt=\"\ud83d\ude42\"> Cela fait deux fois que ma fille y assiste et je peux dire qu\u2019elle en est heureuse. Ils sont rentr\u00e9s hier, les enfants de 2 \u00e0 10 ans \u00e9taient si heureux, on voit bien qu\u2019ils ont pass\u00e9 d\u2019excellents moments et qu\u2019ils se sont cr\u00e9\u00e9 de bons souvenirs <img decoding=\"async\" loading=\"lazy\" height=\"16\" width=\"16\" src=\"https:\/\/static.xx.fbcdn.net\/images\/emoji.php\/v9\/t57\/1\/16\/1f609.png\" alt=\"\ud83d\ude09\"> Toute l\u2019\u00e9quipe Canop\u00e9e ainsi que la directrice n\u2019arr\u00eatent pas de se surpasser et de s\u2019occuper de nos enfants au del\u00e0 de nos esp\u00e9rances. Je suis tr\u00e8s attach\u00e9e \u00e0 cette \u00e9cole au plus haut point (parce qu\u2019on s\u2019occupe tellement bien de ma fille). Leur devoir est largement d\u00e9pass\u00e9 ! Merci \u00e0 tous <img decoding=\"async\" loading=\"lazy\" height=\"16\" width=\"16\" src=\"https:\/\/static.xx.fbcdn.net\/images\/emoji.php\/v9\/tea\/1\/16\/1f970.png\" alt=\"\ud83e\udd70\">&nbsp;\u00bb<\/p>\n<cite>\u2014<a href=\"https:\/\/www.facebook.com\/cherine.ghouli?__cft__[0]=AZXkz0w4jEK-s8v-ydR1wR5LJ02YPlBzBsuuYApO7l7Y4MVC9nJWyCnSVKp_KS_zX4X1af8nPp6PxKupc-UZEUoKJZQPNYKC8RoaV7in-tOFXbQK8T6AfBdiyOv5IOV3rbuPvPBPlQAzQdwN01YpKcqdx8NQ2ojhRjlfNxreNz6yQnREj4-1das429TDS1v3WeUrg4QZPhJmiUW1u1w4G08z&amp;__tn__=-UC%2CP-y-R\">Ch\u00e9rine Ghouli<\/a> Avril 2024<\/cite><\/blockquote>\n\n\n\n<hr class=\"wp-block-separator has-css-opacity is-style-default\"\/>\n\n\n<div class=\"wp-block-image is-style-rounded\">\n<figure class=\"aligncenter size-full\"><a href=\"http:\/\/www.ecolelacanopee.fr\/wp-content\/uploads\/2024\/04\/Oceane-Franc.jpg\"><img decoding=\"async\" loading=\"lazy\" width=\"100\" height=\"100\" src=\"http:\/\/www.ecolelacanopee.fr\/wp-content\/uploads\/2024\/04\/Oceane-Franc.jpg\" alt=\"\" class=\"wp-image-1000\"\/><\/a><\/figure><\/div>\n\n\n<blockquote class=\"wp-block-quote has-text-align-center is-style-large\">\n<p>\u00ab&nbsp;On adore la Canopee ! Merci \u00e0 toute cette belle \u00e9quipe \ud83e\udd29\u00bb <\/p>\n<cite>\u2014 <a href=\"https:\/\/www.linkedin.com\/in\/ACoAAAtPAkQBGrE6sgnYbxUuPdKDgqWfNRcdOBw\">Oceane FRANC<\/a>, <em>Mars 2024<\/em><\/cite><\/blockquote>\n\n\n\n<hr class=\"wp-block-separator has-css-opacity is-style-default\"\/>\n\n\n\n<hr class=\"wp-block-separator has-css-opacity is-style-default\"\/>\n\n\n<div class=\"wp-block-image is-style-rounded\">\n<figure class=\"aligncenter size-full is-resized\"><img decoding=\"async\" loading=\"lazy\" src=\"http:\/\/www.ecolelacanopee.fr\/wp-content\/uploads\/2024\/04\/martial-pamies.png\" alt=\"\" class=\"wp-image-993\" width=\"84\" height=\"84\"\/><\/figure><\/div>\n\n\n<blockquote class=\"wp-block-quote has-text-align-center is-style-large\">\n<p class=\"has-text-align-left\">\u00ab La Canop\u00e9e est l\u2019\u00e9cole dans laquelle nous aurions tous aim\u00e9 grandir ! Nos enfants arrivent le matin avec le sourire et ils repartent en fin de journ\u00e9e, heureux d\u2019avoir pass\u00e9 des moments stimulants et enrichissant, entour\u00e9s par une \u00e9quipe formidable, stable et extr\u00eamement comp\u00e9tente. Notre fille y est inscrite depuis l\u2019\u00e2ge de 2 ans, nous sommes reconnaissants pour tout ce que La Canop\u00e9e lui apporte au quotidien.&nbsp;\u00bb<\/p>\n<cite>\u2014 <a href=\"https:\/\/www.google.com\/maps\/contrib\/110664923748199283551\/reviews\">Martial Pamies<\/a>, <em>F\u00e9vrier 2024<\/em><\/cite><\/blockquote>\n\n\n\n<hr class=\"wp-block-separator has-css-opacity is-style-default\"\/>\n\n\n\n<hr class=\"wp-block-separator has-css-opacity is-style-default\"\/>\n\n\n<div class=\"wp-block-image is-style-rounded\">\n<figure class=\"aligncenter size-full is-resized\"><a href=\"http:\/\/www.ecolelacanopee.fr\/wp-content\/uploads\/2024\/04\/Xavier-Boucher.jpg\"><img decoding=\"async\" loading=\"lazy\" src=\"http:\/\/www.ecolelacanopee.fr\/wp-content\/uploads\/2024\/04\/Xavier-Boucher.jpg\" alt=\"\" class=\"wp-image-1001\" width=\"92\" height=\"92\" srcset=\"https:\/\/www.ecolelacanopee.fr\/wp-content\/uploads\/2024\/04\/Xavier-Boucher.jpg 200w, https:\/\/www.ecolelacanopee.fr\/wp-content\/uploads\/2024\/04\/Xavier-Boucher-150x150.jpg 150w\" sizes=\"(max-width: 92px) 100vw, 92px\" \/><\/a><\/figure><\/div>\n\n\n<blockquote class=\"wp-block-quote has-text-align-center is-style-large\">\n<p>\u00ab&nbsp; Notre fils Nathana\u00ebl est \u00e0 la Canop\u00e9e depuis 2 ans, nous sommes ravis de son \u00e9panouissement, et lui se r\u00e9veille chaque matin avec l\u2019envie d\u2019aller \u00e0 l\u2019\u00e9cole.<br>La culture de bienveillance, d\u2019entraide et de d\u00e9veloppement est visible au quotidien. Et le cadre bilingue lui a permis de se construire avec trois langues \u00e0 la maison.<br>L\u2019\u00e9quipe enseignante est formidable et personnalise le parcours de chaque enfant dans son d\u00e9veloppement \u00e9ducatif et \u00e9motionnel, ce qui est rendu possible par les effectifs r\u00e9duits dans chaque classe.<br>Et son fr\u00e8re le rejoint l\u2019ann\u00e9e prochaine! \u00bb<\/p>\n<cite>\u2014 <strong>Xavier Boucher<\/strong>, <em>Juin 2023<\/em><\/cite><\/blockquote>\n\n\n\n<hr class=\"wp-block-separator has-css-opacity is-style-default\"\/>\n\n\n\n<hr class=\"wp-block-separator has-css-opacity is-style-default\"\/>\n\n\n<div class=\"wp-block-image is-style-rounded\">\n<figure class=\"aligncenter size-full\"><a href=\"http:\/\/www.ecolelacanopee.fr\/wp-content\/uploads\/2024\/04\/Eloise-Daire.jpg\"><img decoding=\"async\" loading=\"lazy\" width=\"100\" height=\"100\" src=\"http:\/\/www.ecolelacanopee.fr\/wp-content\/uploads\/2024\/04\/Eloise-Daire.jpg\" alt=\"\" class=\"wp-image-1002\"\/><\/a><\/figure><\/div>\n\n\n<blockquote class=\"wp-block-quote has-text-align-center is-style-large\">\n<p>\u00ab&nbsp;Wonderful school and wonderful team!<br>Nos enfants y sont en maternelle dans un environnement bienveillant, attentif et stimulant. L\u2019\u00e9quipe p\u00e9dagogique est extr\u00eamement impliqu\u00e9e et positive dans toutes leurs interactions avec les enfants et dans tous les projets. On sent une tr\u00e8s belle \u00e9nergie. C\u2019est un plaisir et un soulagement de pouvoir confier nos enfants en toute confiance.&nbsp;\u00bb<\/p>\n<cite>\u2014 <a href=\"https:\/\/www.google.com\/maps\/contrib\/114853700902259400296?hl=fr&amp;sa=X&amp;ved=2ahUKEwjS96bsuKz_AhUYVKQEHS8FDsMQvvQBegQIARAm\"><strong>Eloise daire<\/strong><\/a>, <em>Juin 2023<\/em><\/cite><\/blockquote>\n\n\n\n<hr class=\"wp-block-separator has-css-opacity is-style-default\"\/>\n\n\n\n<hr class=\"wp-block-separator has-css-opacity is-style-default\"\/>\n\n\n\n<blockquote class=\"wp-block-quote has-text-align-center is-style-large\">\n<p>\u00ab&nbsp;Mon fils effectue sa cinqui\u00e8me ann\u00e9e de scolarit\u00e9 \u00e0 la Canop\u00e9e. Il y a vite trouv\u00e9 ses marques \u00e0 son arriv\u00e9e de l\u2019\u00e9tranger et s\u2019y \u00e9panouit visiblement. Toute l\u2019\u00e9quipe prend tr\u00e8s \u00e0 c\u0153ur sa double mission de transmission des savoirs et d\u2019accompagnement \u00e9motionnel. C\u2019est un v\u00e9ritable avantage pour les enfants de pouvoir apprendre et jouer dans deux langues, et il reste malheureusement trop peu accessible en France. Sur le plan des apprentissages, les petits effectifs permettent un vrai suivi des enfants, de leurs progr\u00e8s et de leurs difficult\u00e9s. Le passage d\u2019une langue \u00e0 l\u2019autre, ind\u00e9pendamment du niveau de bilinguisme de l\u2019enfant, est le gage d\u2019une ouverture \u00e0 une autre culture et \u00e0 d\u2019autres fa\u00e7ons de faire. La pr\u00e9sence d\u2019enseignants et d\u2019animateurs originaires aussi bien des \u00c9tats-Unis que du Royaume-Uni renforce cette diversit\u00e9. En fran\u00e7ais, les m\u00e9thodes utilis\u00e9es sont celles qui ont fait leurs preuves et cela est aussi rassurant de mon point de vue.<br>Par ailleurs, les petits effectifs ont permis de cr\u00e9er une vraie communaut\u00e9 ax\u00e9e sur l\u2019entraide entre les grands et les petits. Lors de la pand\u00e9mie, les petits effectifs ont aussi permis une gestion exemplaire des r\u00e8gles de distanciation sociale dans des conditions in\u00e9dites. J\u2019appr\u00e9cie \u00e9galement l\u2019acc\u00e8s des enfants \u00e0 des activit\u00e9s comme le club d\u2019\u00e9checs, le yoga, la capoeira, le th\u00e9\u00e2tre, ainsi que l\u2019ouverture po\u00e9tique sur le monde des arts permise par Marianne dans le cours d\u2019arts plastiques.<br>Je remercie toute l\u2019\u00e9quipe d\u2019enseignement et d\u2019encadrement \u2013 Christine, Kanussa, Ana Bela, Simal, Melissa, Marianne, Emilie, Jenni, M\u00e9lanie, Antonio, Leah, Marie \u2013 pour leur pr\u00e9sence bienveillante aux c\u00f4t\u00e9s des enfants et leur dynamisme et leur enthousiasme en d\u00e9pit de longues journ\u00e9es. &nbsp;\u00bb<\/p>\n<cite>\u2014 <strong>Audrey Aubou<\/strong>, <em>Mai 2023<\/em><\/cite><\/blockquote>\n\n\n\n<hr class=\"wp-block-separator has-css-opacity is-style-default\"\/>\n\n\n\n<hr class=\"wp-block-separator has-css-opacity is-style-default\"\/>\n\n\n<div class=\"wp-block-image\">\n<figure class=\"aligncenter size-full\"><a href=\"http:\/\/www.ecolelacanopee.fr\/wp-content\/uploads\/2024\/04\/Justyn-Harkin.png\"><img decoding=\"async\" loading=\"lazy\" width=\"60\" height=\"60\" src=\"http:\/\/www.ecolelacanopee.fr\/wp-content\/uploads\/2024\/04\/Justyn-Harkin.png\" alt=\"\" class=\"wp-image-995\"\/><\/a><\/figure><\/div>\n\n\n<blockquote class=\"wp-block-quote has-text-align-center is-style-large\">\n<p>\u00ab&nbsp;Thank you, La Canop\u00e9e, for your loving care of my daughter. I cannot recommend this school highly enough. English-speaking expats should know that this is a small, progressive school run by an inspired educator. Also, a key feature are the students it attracts. Your children will study alongside local children and expatriate children. Instruction is immersive and bilingual, child-centered, creative, and engaging. \u00bb<\/p>\n<cite>\u2014 <a href=\"https:\/\/www.google.com\/maps\/contrib\/112828254845419249332?hl=fr&amp;sa=X&amp;ved=2ahUKEwiz4cmF_N_-AhW9UaQEHYTbDTcQvvQBegQIARAj\"><strong>Justyn Harkin<\/strong><\/a>, <em>Avril 2023<\/em><\/cite><\/blockquote>\n\n\n\n<hr class=\"wp-block-separator has-css-opacity is-style-default\"\/>\n\n\n\n<hr class=\"wp-block-separator has-css-opacity is-style-default\"\/>\n\n\n<div class=\"wp-block-image is-style-rounded\">\n<figure class=\"aligncenter size-full\"><img decoding=\"async\" loading=\"lazy\" width=\"60\" height=\"60\" src=\"http:\/\/www.ecolelacanopee.fr\/wp-content\/uploads\/2024\/04\/Caroline-Buisson.png\" alt=\"\" class=\"wp-image-996\"\/><\/figure><\/div>\n\n\n<blockquote class=\"wp-block-quote has-text-align-center is-style-large\">\n<p>\u00ab&nbsp;Excellente \u00e9cole. Notre avons inscrite notre fille en Moyenne Section \u00e0 notre retour de Singapour apr\u00e8s le COVID. Elle a continu\u00e9 \u00e0 apprendre et \u00e0 d\u00e9velopper son anglais avec un accent britannique. Nous ne pourrions \u00eatre plus heureux de l\u2019encadrement, de l\u2019engagement de l\u2019\u00e9quipe \u00e9ducative et de leur bienveillance au quotidien. &nbsp;\u00bb<\/p>\n<cite>\u2014 <strong><a href=\"https:\/\/www.google.com\/maps\/contrib\/108024531225714020937?hl=fr&amp;sa=X&amp;ved=2ahUKEwiz4cmF_N_-AhW9UaQEHYTbDTcQvvQBegQIARA-\">Caroline Buisson<\/a><\/strong>, <em>Avril 2023<\/em><\/cite><\/blockquote>\n\n\n\n<hr class=\"wp-block-separator has-css-opacity is-style-default\"\/>\n\n\n\n<hr class=\"wp-block-separator has-css-opacity is-style-default\"\/>\n\n\n\n<blockquote class=\"wp-block-quote has-text-align-center is-style-large\">\n<p>\u00ab&nbsp;Cette \u00e9cole est formidable. Ma fille s\u2019y est \u00e9panouie toute sa scolarit\u00e9 et mon fils \u00e0 son tour aujourd\u2019hui. Ils parlent couramment anglais et ont d\u00e9velopp\u00e9 une grande curiosit\u00e9 et un plaisir d\u2019apprendre toujours croissant. Merci!&nbsp;\u00bb<\/p>\n<cite>\u2014 <a href=\"https:\/\/www.google.com\/maps\/contrib\/109412325859605641153?hl=fr&amp;sa=X&amp;ved=2ahUKEwiz4cmF_N_-AhW9UaQEHYTbDTcQvvQBegQIARBa\"><strong>M\u00e9liane Marcagg<\/strong>i<\/a>, <em>Avril 2023<\/em><\/cite><\/blockquote>\n\n\n\n<hr class=\"wp-block-separator has-css-opacity is-style-default\"\/>\n\n\n\n<hr class=\"wp-block-separator has-css-opacity is-style-default\"\/>\n\n\n\n<blockquote class=\"wp-block-quote has-text-align-center is-style-large\">\n<p>\u00ab&nbsp;Mon fils a\u00een\u00e9 est \u00e0 La Canop\u00e9e depuis 6 ans et son petit fr\u00e8re est arriv\u00e9 en toute petite section il y \u00e0 3 ans. Nous trouvons que c est une chance inoui pour eux d apprendre avec Christine et toute son \u00e9quipe. Leur \u00e9nergie, leur bienveillance et leur approche de l \u00e9ducation est bluffante. Ils ont aujourd\u2019hui 9 ans et 4 ans et parlent tous les deux tr\u00e8s bien l anglais avec un accent parfait. L entraide entre les enfants de l \u00e9cole est impressionnante, ils sont une vraie famille et la mani\u00e8re dont ils ont appris \u00e0 prendre soin les uns des autres se voit m\u00eame en dehors de l \u00e9cole. Cette ann\u00e9e ils sont tous partis en classe verte pour 5 jours (m\u00eame les plus petits de 2,5 ans). Une semaine visiblement tr\u00e8s sympathique et enrichissante. Ils ne s arr\u00eatent plus de raconter leurs aventures qui les ont beaucoup fait grandir. C est pour nous une vraie chance de pouvoir leur faire d\u00e9marrer dans la vie scolaire \u00e0 La Canopee et nous esp\u00e9rons tous l ouverture d un coll\u00e8ge pour continuer cette formidable \u00e9cole.&nbsp;\u00bb<\/p>\n<cite>\u2014 <strong><a href=\"https:\/\/www.google.com\/maps\/contrib\/115039344133396686952?hl=fr&amp;sa=X&amp;ved=2ahUKEwiz4cmF_N_-AhW9UaQEHYTbDTcQvvQBegQIARB2\">Jeanne Deroo<\/a><\/strong>, <em>Avril 2023<\/em><\/cite><\/blockquote>\n\n\n\n<hr class=\"wp-block-separator has-css-opacity is-style-default\"\/>\n\n\n\n<hr class=\"wp-block-separator has-css-opacity is-style-default\"\/>\n\n\n<div class=\"wp-block-image is-style-rounded\">\n<figure class=\"aligncenter size-full\"><img decoding=\"async\" loading=\"lazy\" width=\"60\" height=\"60\" src=\"http:\/\/www.ecolelacanopee.fr\/wp-content\/uploads\/2024\/04\/Cherine-Ghouli-1.png\" alt=\"\" class=\"wp-image-998\"\/><\/figure><\/div>\n\n\n<blockquote class=\"wp-block-quote has-text-align-center is-style-large\">\n<p>\u00ab&nbsp;Ce n\u2019est pas une \u00e9cole ordinaire, c\u2019est LA meilleure \u00e9cole bilingue \u00e0 paris, \u00e0 mon sens. Ma fille y est depuis presque deux ans, elle s\u2019y pla\u00eet \u00e9norm\u00e9ment. On lui apprend l\u2019anglais et plein de choses, dont l\u2019art plastique. Les enseignants qui travaillent \u00e0 la Canop\u00e9e ne sont pas juste \u00e9ducateurs, c\u2019est des artistes. Ils sont adorables avec tous les enfants, ils leur apprennent la vie et tout ce qui peut les aider \u00e0 s\u2019am\u00e9liorer et \u00e0 progresser chaque jour. A la maison personne ne parle avec ma fille l\u2019anglais, elle a donc tout appris \u00e0 la Canop\u00e9e et je trouve \u00e7a impressionnant. En gros, la qualit\u00e9 d\u2019enseignement est au plus haut niveau et la directrice est un sucre, tr\u00e8s serviable et tr\u00e8s pr\u00e9sente que ce soit pour rassurer les parents ou pour aider les enfants \u00e0 progresser dans un milieu bienveillant et joyeux. J\u2019ai ador\u00e9 l\u2019exp\u00e9rience de la classe verte, il s\u2019agit de passer une semaine \u00e0 la ferme europ\u00e9enne sans les parents. Cette exp\u00e9rience a permis \u00e0 ma fille de 3,5 ans a apprendre \u00e0 \u00eatre plus autonome en ayant bien s\u00fbr l\u2019encadrement n\u00e9cessaire pour y passer du bon temps entre les ateliers et les jeux \u00e9ducatifs. Merci \u00e0 toute l\u2019\u00e9quipe pour votre d\u00e9vouement et votre amour. Et bravo pour tout ce que vous accomplissez chaque jour.&nbsp;\u00bb<\/p>\n<cite>\u2014 <strong><a href=\"https:\/\/www.google.com\/maps\/contrib\/102030650035393871515?hl=fr&amp;sa=X&amp;ved=2ahUKEwiz4cmF_N_-AhW9UaQEHYTbDTcQvvQBegUIARCSAQ\">Cherine Ghouli<\/a><\/strong>, <em>Avril 2023<\/em><\/cite><\/blockquote>\n\n\n\n<hr class=\"wp-block-separator has-css-opacity is-style-default\"\/>\n\n\n\n<hr class=\"wp-block-separator has-css-opacity is-style-default\"\/>\n\n\n<div class=\"wp-block-image is-style-rounded\">\n<figure class=\"aligncenter size-full\"><img decoding=\"async\" loading=\"lazy\" width=\"100\" height=\"100\" src=\"http:\/\/www.ecolelacanopee.fr\/wp-content\/uploads\/2024\/04\/Marie-Aude-Mery.jpg\" alt=\"\" class=\"wp-image-999\"\/><\/figure><\/div>\n\n\n<blockquote class=\"wp-block-quote has-text-align-center is-style-large\">\n<p>\u00ab&nbsp;Merci \u00e0 toute l&rsquo;\u00e9quipe de La Canop\u00e9e et surtout \u00e0 Christine Da Silva dont l&rsquo;audace et la r\u00e9putation nous ont s\u00e9duit pour inscrire notre fille de 2 ans et demi au mois de janvier 2015. Elle s&rsquo;\u00e9panouit de semaine en semaine et y entretient son anglais qui est la langue de son papa. Nous sommes vraiment heureux de la d\u00e9poser le matin (elle aussi bien s\u00fbr!), de savoir qu&rsquo;elle est entour\u00e9e de personnel qualifi\u00e9 talentueux, attentif et joyeux. Willi s&rsquo;enrichit tous les jours par la vari\u00e9t\u00e9 des activit\u00e9s propos\u00e9es en parall\u00e8le des programmes \u00e0 suivre et nous la voyons devenir plus ind\u00e9pendante. Nous nous r\u00e9jouissons de la cr\u00e9ation de cette \u00e9cole. Bravo et longue vie \u00e0 La Canop\u00e9e!&nbsp;\u00bb<\/p>\n<cite>\u2014 <strong><a href=\"https:\/\/www.facebook.com\/marieaude.mery\">Marie-Aude Mery<\/a><\/strong>, <em>Mars 2015<\/em><\/cite><\/blockquote>\n\n\n\n<hr class=\"wp-block-separator has-css-opacity is-style-default\"\/>\n\n\n\n<hr class=\"wp-block-separator has-css-opacity is-style-default\"\/>\n\n\n\n<blockquote class=\"wp-block-quote has-text-align-center is-style-large\">\n<p>\u00ab&nbsp;<strong>&nbsp;<\/strong>Quand exigence rime avec intelligence. Votre enfant n&rsquo;a pas r\u00e9ussi l&rsquo;examen d&rsquo;entr\u00e9e des autres \u00e9coles bilingues ou n&rsquo;est pas autoris\u00e9 \u00e0 continuer car il n&rsquo;est pas dans les meilleurs. Pensez \u00e0 La Canop\u00e9e. cette \u00e9cole est bas\u00e9e sur le plaisir d&rsquo;apprendre par le jeu et non le travail. cette \u00e9cole r\u00e9concilie l&rsquo;enfant et l&rsquo;\u00e9cole qui, de ce fait, par la motivation et le plaisir, reprend confiance et progresse \u00e0 son rythme sans qu&rsquo;il n&rsquo;ait besoin d&rsquo;\u00eatre le meilleur. mais en d\u00e9veloppant son aptitude personnel \u00e0 son rythme en Fran\u00e7ais et en anglais. Quand l&rsquo;exigence devient intelligence, pensez La Canop\u00e9e.&nbsp;\u00bb<\/p>\n<cite>\u2014 <strong><a href=\"https:\/\/www.facebook.com\/claire.constancias\">Constancias Claire<\/a><\/strong>, <em>Janvier 2015<\/em><\/cite><\/blockquote>\n\n\n\n<hr class=\"wp-block-separator has-css-opacity is-style-default\"\/>\n\n\n\n<hr class=\"wp-block-separator has-css-opacity is-style-default\"\/>\n\n\n\n<blockquote class=\"wp-block-quote has-text-align-center is-style-large\">\n<p>\u00ab&nbsp;Super \u00e9cole \u00e0 l&rsquo;\u0117coute des enfants et des parents!&nbsp;Mes 2 filles y sont scolaris\u00e9es : 5 ans en maternelle Grande Section, et 2 ans et demi en maternelle Toute Petite Section.&nbsp;Mon a\u00een\u00e9e est \u00e9panouie et progresse \u00e0 vue d&rsquo;\u0153il en fran\u00e7ais, en anglais, en math\u00e9matiques, en culture g\u00e9n\u00e9rale,&#8230; Elle fait d\u00e9j\u00e0 des dict\u00e9es, des fractions, des exp\u00e9riences scientifiques et le tout dans la bonne humeur! Mais pour moi le plus important est la confiance en elle et l&rsquo;assurance qu&rsquo;elle a acquises.Ma cadette a gagn\u00e9 en autonomie, en maturit\u00e9 et nous chante d\u00e9j\u00e0 des chansons en anglais :-). Christine la directrice est humaine et maternelle tout en \u00e9tant stricte sur le discipline et les r\u00e8gles de biens\u00e9ance. Simone, le professeur d&rsquo;anglais est professionnelle, tr\u00e8s impliqu\u00e9e et d&rsquo;une grande gentillesse avec les enfants.&nbsp;Les enfants sont responsabilis\u00e9s selon leur age et leur maturit\u00e9. Les programmes sont personnalis\u00e9s en fonction du niveau de l&rsquo;enfant et de son profil d&rsquo;apprentissage. Des ateliers sont propos\u00e9s quotidiennement aux enfants par des intervenants comp\u00e9tents et bilingues: lundi arts plastiques, mardi cuisine, jeudi jardinage, vendredi yoga.&nbsp;Pour r\u00e9sumer une super \u00e9quipe, un super programme, des super locaux bref une super \u00e9cole! Je recommande vivement! \u00bb<\/p>\n<cite>\u2014 <strong><a href=\"https:\/\/www.facebook.com\/narjiss.amzil\">Narjiss Amzil<\/a><\/strong>, <em>D\u00e9cembre 2014<\/em><\/cite><\/blockquote>\n\n\n\n<hr class=\"wp-block-separator has-css-opacity is-style-default\"\/>\n\n\n\n<hr class=\"wp-block-separator has-css-opacity is-style-default\"\/>\n\n\n\n<blockquote class=\"wp-block-quote has-text-align-center is-style-large\">\n<p>\u00ab Mon fils allait au club d&rsquo;anglais depuis le mois de septembre et a rejoint l&rsquo;\u00e9cole \u00e0 la rentr\u00e9e des vacances de la Toussaint. Tout a chang\u00e9. Il se r\u00e9veille avec le sourire chaque matin, est heureux d aller \u00e0 l \u00e9cole et me raconte le soir ce qu&rsquo;il a appris avec plaisir. Il est gai comme un pinson et nous chante des chansons en anglais le soir. Sa s\u0153ur a h\u00e2te de rejoindre l&rsquo;\u00e9cole d\u00e8s que le primaire sera ouvert. Bravo et merci.&nbsp;\u00bb<\/p>\n<cite>\u2014 Helene Filippi, <em>Novembre 2014<\/em><\/cite><\/blockquote>\n\n\n\n<hr class=\"wp-block-separator has-css-opacity is-style-default\"\/>\n\n\n\n<hr class=\"wp-block-separator has-css-opacity is-style-default\"\/>\n\n\n\n<blockquote class=\"wp-block-quote has-text-align-center is-style-large\">\n<p>\u00ab Emmen\u00e9e par la talentueuse Christine Da Silva et toute son \u00e9quipe, je suis certaine que la petite Canop\u00e9e deviendra une tr\u00e8s grande ! Nous connaissons bien Christine. Elle fut pendant des ann\u00e9es la Directrice et l\u2019Enseignante en primaire de nos enfants. Aujourd\u2019hui Zacharie a 10 ans. Il entrera en 5\u00e8me en septembre et int\u00e9grera la Section Anglophone de l\u2019Institut de la Tour \u00e0 Paris. Ch\u00e8re Christine, vous avez \u00e9t\u00e9 la premi\u00e8re \u00e0 croire en lui !! Merci! (maman de Zacharie,10 ans et Samuel, 8 ans).\u00bb<\/p>\n<cite>\u2014 <strong><a href=\"https:\/\/www.facebook.com\/anne.kugelmann\">Anne Ita<\/a><\/strong>, <em>Juillet 2014<\/em><\/cite><\/blockquote>\n\n\n\n<hr class=\"wp-block-separator has-css-opacity is-style-default\"\/>\n\n\n\n<p>&nbsp;<\/p>\n","protected":false},"excerpt":{"rendered":"<p>\u00ab&nbsp;&nbsp;Classe verte ! C\u2019est l\u2019un des meilleurs \u00e9v\u00e9nements de l\u2019ann\u00e9e \u00e0 la Canop\u00e9e qu\u2019on attend tous avec impatience tous les ans Cela fait deux fois que ma fille y assiste et je peux dire qu\u2019elle en est heureuse. Ils sont rentr\u00e9s hier, les enfants de 2 \u00e0 10 ans \u00e9taient si heureux, on voit bien [&hellip;]<\/p>\n","protected":false},"author":2,"featured_media":0,"parent":0,"menu_order":0,"comment_status":"open","ping_status":"closed","template":"","meta":[],"_links":{"self":[{"href":"https:\/\/www.ecolelacanopee.fr\/index.php?rest_route=\/wp\/v2\/pages\/818"}],"collection":[{"href":"https:\/\/www.ecolelacanopee.fr\/index.php?rest_route=\/wp\/v2\/pages"}],"about":[{"href":"https:\/\/www.ecolelacanopee.fr\/index.php?rest_route=\/wp\/v2\/types\/page"}],"author":[{"embeddable":true,"href":"https:\/\/www.ecolelacanopee.fr\/index.php?rest_route=\/wp\/v2\/users\/2"}],"replies":[{"embeddable":true,"href":"https:\/\/www.ecolelacanopee.fr\/index.php?rest_route=%2Fwp%2Fv2%2Fcomments&post=818"}],"version-history":[{"count":13,"href":"https:\/\/www.ecolelacanopee.fr\/index.php?rest_route=\/wp\/v2\/pages\/818\/revisions"}],"predecessor-version":[{"id":1006,"href":"https:\/\/www.ecolelacanopee.fr\/index.php?rest_route=\/wp\/v2\/pages\/818\/revisions\/1006"}],"wp:attachment":[{"href":"https:\/\/www.ecolelacanopee.fr\/index.php?rest_route=%2Fwp%2Fv2%2Fmedia&parent=818"}],"curies":[{"name":"wp","href":"https:\/\/api.w.org\/{rel}","templated":true}]}}