{"id":82,"date":"2014-07-30T10:15:16","date_gmt":"2014-07-30T09:15:16","guid":{"rendered":"http:\/\/www.ecolelacanopee.fr\/?page_id=82"},"modified":"2024-04-10T14:42:45","modified_gmt":"2024-04-10T13:42:45","slug":"de-la-pratique-aux-concepts-abstraits","status":"publish","type":"page","link":"https:\/\/www.ecolelacanopee.fr\/?page_id=82","title":{"rendered":"De la pratique aux concepts abstraits"},"content":{"rendered":"<p><span style=\"color: #0000ff;\"><strong>Les apprentissages fondamentaux sont enseign\u00e9s de mani\u00e8re transversale dans chaque classe.<\/strong><\/span><\/p>\n<p><span style=\"color: #0000ff;\">Les notions sont pr\u00e9sent\u00e9es sous une forme compr\u00e9hensible et accessible aux \u00e9l\u00e8ves par l\u2019un des professeurs principaux.<\/span><\/p>\n<p><span style=\"color: #0000ff;\">Les professeurs sp\u00e9cialis\u00e9s les mettent en \u0153uvre pr\u00e9alablement ou a posteriori, \u00e0 titre d\u2019initiation ou d\u2019illustration.<\/span><\/p>\n<p><span style=\"color: #0000ff;\">A titre d\u2019exemple&nbsp;: une recette de cuisine pour quatre personnes \u00e0 r\u00e9aliser pour la classe enti\u00e8re et un dessin ou un plan \u00e0 reproduire \u00e0 une autre \u00e9chelle, permettent de mieux appr\u00e9hender la notion de proportionnalit\u00e9.<\/span><\/p>\n<p><span style=\"color: #0000ff;\">V\u00e9ritable source de compr\u00e9hension, ce travail transversal favorise l\u2019acquisition et surtout <strong>l\u2019int\u00e9gration concr\u00e8te des savoirs et de leur utilit\u00e9 par l\u2019\u00e9l\u00e8ve.<\/strong><\/span><\/p>\n<p><span style=\"color: #0000ff;\">Recrut\u00e9 avec soin, chaque enseignant est pleinement engag\u00e9 dans le projet p\u00e9dagogique de <em>La Canop\u00e9e<\/em>.&nbsp;Des r\u00e9unions bimensuelles, organis\u00e9es avec l\u2019\u00e9quipe p\u00e9dagogique au complet, permettent d\u2019adapter l\u2019enseignement au rythme de chaque \u00e9l\u00e8ve.<\/span><\/p>\n<p><span style=\"color: #ff00ff;\"><strong>Fundamental teaching points are taught in an inter-disciplinary manner in each class.<\/strong><\/span><\/p>\n<p><span style=\"color: #ff00ff;\">Concepts are presented to the children in a simple and clear manner by one of the principle teachers. Specialist teachers then reinforce these ideas, either beforehand or afterwards, to act as a further illustration and to consolidate understanding.<\/span><\/p>\n<p><span style=\"color: #ff00ff;\">An example: Teaching the concept of proportion can be supported in a cooking lesson. For example, using a recipe created for 2 people for the whole class OR in an art lesson: a drawing or plan to be reproduced to scale.<\/span><\/p>\n<p><span style=\"color: #ff00ff;\">This inter-disciplinary work encourages not only the learning of new concepts, but also the creation of concrete links between ideas and how this knowledge can be used by the child in a real way.<\/span><\/p>\n<p><span style=\"color: #ff00ff;\">Each teacher is fully involved in the teaching methods at <em>La Canop\u00e9e<\/em>. Bi-monthly meetings, organised with the entire teaching team allow us to adapt the planning according to the rhythm of each child.<\/span><\/p>\n<p>&nbsp;<\/p>\n","protected":false},"excerpt":{"rendered":"<p>Les apprentissages fondamentaux sont enseign\u00e9s de mani\u00e8re transversale dans chaque classe. Les notions sont pr\u00e9sent\u00e9es sous une forme compr\u00e9hensible et accessible aux \u00e9l\u00e8ves par l\u2019un des professeurs principaux. Les professeurs sp\u00e9cialis\u00e9s les mettent en \u0153uvre pr\u00e9alablement ou a posteriori, \u00e0 titre d\u2019initiation ou d\u2019illustration. A titre d\u2019exemple&nbsp;: une recette de cuisine pour quatre personnes \u00e0 [&hellip;]<\/p>\n","protected":false},"author":2,"featured_media":0,"parent":69,"menu_order":2,"comment_status":"closed","ping_status":"open","template":"","meta":[],"_links":{"self":[{"href":"https:\/\/www.ecolelacanopee.fr\/index.php?rest_route=\/wp\/v2\/pages\/82"}],"collection":[{"href":"https:\/\/www.ecolelacanopee.fr\/index.php?rest_route=\/wp\/v2\/pages"}],"about":[{"href":"https:\/\/www.ecolelacanopee.fr\/index.php?rest_route=\/wp\/v2\/types\/page"}],"author":[{"embeddable":true,"href":"https:\/\/www.ecolelacanopee.fr\/index.php?rest_route=\/wp\/v2\/users\/2"}],"replies":[{"embeddable":true,"href":"https:\/\/www.ecolelacanopee.fr\/index.php?rest_route=%2Fwp%2Fv2%2Fcomments&post=82"}],"version-history":[{"count":1,"href":"https:\/\/www.ecolelacanopee.fr\/index.php?rest_route=\/wp\/v2\/pages\/82\/revisions"}],"predecessor-version":[{"id":1083,"href":"https:\/\/www.ecolelacanopee.fr\/index.php?rest_route=\/wp\/v2\/pages\/82\/revisions\/1083"}],"up":[{"embeddable":true,"href":"https:\/\/www.ecolelacanopee.fr\/index.php?rest_route=\/wp\/v2\/pages\/69"}],"wp:attachment":[{"href":"https:\/\/www.ecolelacanopee.fr\/index.php?rest_route=%2Fwp%2Fv2%2Fmedia&parent=82"}],"curies":[{"name":"wp","href":"https:\/\/api.w.org\/{rel}","templated":true}]}}