{"id":86,"date":"2014-07-30T10:22:51","date_gmt":"2014-07-30T09:22:51","guid":{"rendered":"http:\/\/www.ecolelacanopee.fr\/?page_id=86"},"modified":"2024-04-10T14:43:01","modified_gmt":"2024-04-10T13:43:01","slug":"le-cahier-des-reussites-2","status":"publish","type":"page","link":"https:\/\/www.ecolelacanopee.fr\/?page_id=86","title":{"rendered":"Le cahier des r\u00e9ussites"},"content":{"rendered":"<p><span style=\"color: #0000ff;\">Formidable outil d\u2019\u00e9change et de communication entre parents, \u00e9l\u00e8ves et professeurs, le<strong> \u00ab&nbsp;Cahier des R\u00e9ussites&nbsp;\u00bb<\/strong> est \u00e9labor\u00e9 en collaboration par tous les professeurs (et le cas \u00e9ch\u00e9ant, avec les professionnels prenant l\u2019enfant en charge en dehors de l\u2019\u00e9cole) en d\u00e9but d\u2019ann\u00e9e. Individualis\u00e9, il d\u00e9taille les objectifs \u00e0 atteindre par l\u2019\u00e9l\u00e8ve dans chaque domaine.<\/span><\/p>\n<p><span style=\"color: #0000ff;\">Rempli au fur et \u00e0 mesure des acquisitions (lacer ses chaussures, \u00e9crire son pr\u00e9nom, multiplier par onze, reconna\u00eetre une proposition subordonn\u00e9e, aider un camarade, faire la roue), il mat\u00e9rialise la progression de chaque \u00e9l\u00e8ve.<\/span><\/p>\n<p><span style=\"color: #0000ff;\">L\u2019int\u00e9gration \u00e0 ce \u00ab&nbsp;Cahier&nbsp;\u00bb de comp\u00e9tences extrascolaires permet \u00e0 chaque enfant de valoriser sa singularit\u00e9, lui donnant le go\u00fbt d\u2019apprendre et de progresser, <strong>\u00e0 son rythme, sans jugement de valeur a priori<\/strong> et sans comparaison stricte avec ses camarades.<\/span><\/p>\n<p><span style=\"color: #ff00ff;\">The \u2018Achievement Book\u2019 is developed in discussion with all teachers (and where necessary, with the professionals involved outside the school) at the start of the year. Personal to each student, it sets out the objectives that each child needs to work towards in each area of learning.<\/span><\/p>\n<p><span style=\"color: #ff00ff;\">Completed little by little when targets are reached, for example, tying their laces, writing their name, multiplying by eleven or recognising a subordinate clause; each student&rsquo;s progressive achievements are clearly visible.<\/span><\/p>\n<p><span style=\"color: #ff00ff;\">The integration of extra-curricular targets into this \u00ab\u00a0Achievement Book\u00a0\u00bb allows the children to celebrate their uniqueness and gives them a thirst for learning and progressing <strong>at their own pace, without comparing themselves to others.<\/strong><\/span><\/p>\n<p><span style=\"color: #ff00ff;\">In addition to this the \u2018Achievement Book\u2019 acts as an excellent communication tool for parents, children and teachers.<\/span><\/p>\n","protected":false},"excerpt":{"rendered":"<p>Formidable outil d\u2019\u00e9change et de communication entre parents, \u00e9l\u00e8ves et professeurs, le \u00ab&nbsp;Cahier des R\u00e9ussites&nbsp;\u00bb est \u00e9labor\u00e9 en collaboration par tous les professeurs (et le cas \u00e9ch\u00e9ant, avec les professionnels prenant l\u2019enfant en charge en dehors de l\u2019\u00e9cole) en d\u00e9but d\u2019ann\u00e9e. Individualis\u00e9, il d\u00e9taille les objectifs \u00e0 atteindre par l\u2019\u00e9l\u00e8ve dans chaque domaine. Rempli au [&hellip;]<\/p>\n","protected":false},"author":2,"featured_media":0,"parent":69,"menu_order":2,"comment_status":"closed","ping_status":"open","template":"","meta":[],"_links":{"self":[{"href":"https:\/\/www.ecolelacanopee.fr\/index.php?rest_route=\/wp\/v2\/pages\/86"}],"collection":[{"href":"https:\/\/www.ecolelacanopee.fr\/index.php?rest_route=\/wp\/v2\/pages"}],"about":[{"href":"https:\/\/www.ecolelacanopee.fr\/index.php?rest_route=\/wp\/v2\/types\/page"}],"author":[{"embeddable":true,"href":"https:\/\/www.ecolelacanopee.fr\/index.php?rest_route=\/wp\/v2\/users\/2"}],"replies":[{"embeddable":true,"href":"https:\/\/www.ecolelacanopee.fr\/index.php?rest_route=%2Fwp%2Fv2%2Fcomments&post=86"}],"version-history":[{"count":1,"href":"https:\/\/www.ecolelacanopee.fr\/index.php?rest_route=\/wp\/v2\/pages\/86\/revisions"}],"predecessor-version":[{"id":1084,"href":"https:\/\/www.ecolelacanopee.fr\/index.php?rest_route=\/wp\/v2\/pages\/86\/revisions\/1084"}],"up":[{"embeddable":true,"href":"https:\/\/www.ecolelacanopee.fr\/index.php?rest_route=\/wp\/v2\/pages\/69"}],"wp:attachment":[{"href":"https:\/\/www.ecolelacanopee.fr\/index.php?rest_route=%2Fwp%2Fv2%2Fmedia&parent=86"}],"curies":[{"name":"wp","href":"https:\/\/api.w.org\/{rel}","templated":true}]}}