{"id":88,"date":"2014-07-30T10:25:12","date_gmt":"2014-07-30T09:25:12","guid":{"rendered":"http:\/\/www.ecolelacanopee.fr\/?page_id=88"},"modified":"2014-08-07T12:48:58","modified_gmt":"2014-08-07T11:48:58","slug":"une-cantine-scolaire-biologique-et-responsable","status":"publish","type":"page","link":"https:\/\/www.ecolelacanopee.fr\/?page_id=88","title":{"rendered":"Une cantine scolaire biologique et responsable"},"content":{"rendered":"<p><span style=\"color: #0000ff;\">A <em>La Canop\u00e9e<\/em>, le d\u00e9jeuner est un moment convivial et l\u2019occasion de d\u00e9velopper son go\u00fbt, d\u2019apprendre l\u2019\u00e9quilibre alimentaire ainsi que les bonnes mani\u00e8res.<\/span><\/p>\n<p><span style=\"color: #0000ff;\"><strong><em>La Canop\u00e9e<\/em> fait livrer ses repas par un traiteur bio et \u00e9thique<\/strong> soucieux d\u2019\u00e9laborer des menus selon les engagements suivants\u00a0:<\/span><\/p>\n<p><span style=\"color: #0000ff;\">&#8211; Produits biologiques et\/ou issus de \u00a0l\u2019agriculture raisonn\u00e9e.<\/span><\/p>\n<p><span style=\"color: #0000ff;\">&#8211; Tra\u00e7abilit\u00e9 et labellisation des viandes.<\/span><\/p>\n<p><span style=\"color: #0000ff;\">&#8211; Boycott des esp\u00e8ces de poissons menac\u00e9es.<\/span><\/p>\n<p><span style=\"color: #0000ff;\">&#8211; Garantie de produits sans OGM.<\/span><\/p>\n<p><span style=\"color: #0000ff;\">&#8211; Pr\u00e9f\u00e9rence pour les produits issus du commerce \u00e9quitable.<\/span><\/p>\n<p><span style=\"color: #0000ff;\">&#8211; Pr\u00e9f\u00e9rence aux produits frais et en vrac.<\/span><\/p>\n<p><span style=\"color: #0000ff;\">&#8211; Recyclage des barquettes.<\/span><\/p>\n<p><span style=\"color: #ff00ff;\">At <em>La Canop\u00e9e<\/em>, lunch is a sociable time. It gives children the opportunity to develop their tastes, to learn about healthy eating and also to develop good manners.<\/span><\/p>\n<p><span style=\"color: #ff00ff;\"><strong>Meals are delivered to<em> La Canop\u00e9e <\/em>by an organic and ethical caterer<\/strong> who is careful to create their meals according to the following criteria:<\/span><\/p>\n<p><span style=\"color: #ff00ff;\">&#8211; Organic products or those coming from ethical agricultural sources<\/span><\/p>\n<p><span style=\"color: #ff00ff;\">&#8211; Labelling and tracking of meat origins<\/span><\/p>\n<p><span style=\"color: #ff00ff;\">&#8211; Boycotting the use of endangered species of fish<\/span><\/p>\n<p><span style=\"color: #ff00ff;\">&#8211; Guaranteed absence of GM products<\/span><\/p>\n<p><span style=\"color: #ff00ff;\">&#8211; A preference for fair trade products<\/span><\/p>\n<p><span style=\"color: #ff00ff;\">&#8211; A preference for fresh and unpackaged products<\/span><\/p>\n<p><span style=\"color: #ff00ff;\">&#8211; The recycling of packaging<\/span><\/p>\n<p>&nbsp;<\/p>\n<p>&nbsp;<\/p>\n","protected":false},"excerpt":{"rendered":"<p>A La Canop\u00e9e, le d\u00e9jeuner est un moment convivial et l\u2019occasion de d\u00e9velopper son go\u00fbt, d\u2019apprendre l\u2019\u00e9quilibre alimentaire ainsi que les bonnes mani\u00e8res. La Canop\u00e9e fait livrer ses repas par un traiteur bio et \u00e9thique soucieux d\u2019\u00e9laborer des menus selon les engagements suivants\u00a0: &#8211; Produits biologiques et\/ou issus de \u00a0l\u2019agriculture raisonn\u00e9e. &#8211; Tra\u00e7abilit\u00e9 et labellisation [&hellip;]<\/p>\n","protected":false},"author":2,"featured_media":0,"parent":0,"menu_order":7,"comment_status":"open","ping_status":"open","template":"","meta":[],"_links":{"self":[{"href":"https:\/\/www.ecolelacanopee.fr\/index.php?rest_route=\/wp\/v2\/pages\/88"}],"collection":[{"href":"https:\/\/www.ecolelacanopee.fr\/index.php?rest_route=\/wp\/v2\/pages"}],"about":[{"href":"https:\/\/www.ecolelacanopee.fr\/index.php?rest_route=\/wp\/v2\/types\/page"}],"author":[{"embeddable":true,"href":"https:\/\/www.ecolelacanopee.fr\/index.php?rest_route=\/wp\/v2\/users\/2"}],"replies":[{"embeddable":true,"href":"https:\/\/www.ecolelacanopee.fr\/index.php?rest_route=%2Fwp%2Fv2%2Fcomments&post=88"}],"version-history":[{"count":0,"href":"https:\/\/www.ecolelacanopee.fr\/index.php?rest_route=\/wp\/v2\/pages\/88\/revisions"}],"wp:attachment":[{"href":"https:\/\/www.ecolelacanopee.fr\/index.php?rest_route=%2Fwp%2Fv2%2Fmedia&parent=88"}],"curies":[{"name":"wp","href":"https:\/\/api.w.org\/{rel}","templated":true}]}}