{"id":90,"date":"2014-07-30T10:25:54","date_gmt":"2014-07-30T09:25:54","guid":{"rendered":"http:\/\/www.ecolelacanopee.fr\/?page_id=90"},"modified":"2014-07-30T14:10:32","modified_gmt":"2014-07-30T13:10:32","slug":"sorties-culturelles","status":"publish","type":"page","link":"https:\/\/www.ecolelacanopee.fr\/?page_id=90","title":{"rendered":"Sorties culturelles"},"content":{"rendered":"<p><span style=\"color: #0000ff;\">Tous les deux mois, les \u00e9l\u00e8ves de La Canop\u00e9e se rendent au mus\u00e9e ou assistent \u00e0 un spectacle, pr\u00e9alablement int\u00e9gr\u00e9 au projet p\u00e9dagogique. Ces activit\u00e9s aussi \u00e9ducatives que ludiques, deviennent vite une habitude et un plaisir, attendues avec impatience par tous.<\/span><\/p>\n<p><span style=\"color: #ff00ff;\">Every two months, the students at <em>La Canop\u00e9e <\/em>visit a museum or attend a show. These activities, fun as well as educational, quickly become a pleasurable routine which everyone looks forward to.<\/span><\/p>\n","protected":false},"excerpt":{"rendered":"<p>Tous les deux mois, les \u00e9l\u00e8ves de La Canop\u00e9e se rendent au mus\u00e9e ou assistent \u00e0 un spectacle, pr\u00e9alablement int\u00e9gr\u00e9 au projet p\u00e9dagogique. Ces activit\u00e9s aussi \u00e9ducatives que ludiques, deviennent vite une habitude et un plaisir, attendues avec impatience par tous. Every two months, the students at La Canop\u00e9e visit a museum or attend a [&hellip;]<\/p>\n","protected":false},"author":2,"featured_media":0,"parent":0,"menu_order":8,"comment_status":"open","ping_status":"open","template":"","meta":[],"_links":{"self":[{"href":"https:\/\/www.ecolelacanopee.fr\/index.php?rest_route=\/wp\/v2\/pages\/90"}],"collection":[{"href":"https:\/\/www.ecolelacanopee.fr\/index.php?rest_route=\/wp\/v2\/pages"}],"about":[{"href":"https:\/\/www.ecolelacanopee.fr\/index.php?rest_route=\/wp\/v2\/types\/page"}],"author":[{"embeddable":true,"href":"https:\/\/www.ecolelacanopee.fr\/index.php?rest_route=\/wp\/v2\/users\/2"}],"replies":[{"embeddable":true,"href":"https:\/\/www.ecolelacanopee.fr\/index.php?rest_route=%2Fwp%2Fv2%2Fcomments&post=90"}],"version-history":[{"count":0,"href":"https:\/\/www.ecolelacanopee.fr\/index.php?rest_route=\/wp\/v2\/pages\/90\/revisions"}],"wp:attachment":[{"href":"https:\/\/www.ecolelacanopee.fr\/index.php?rest_route=%2Fwp%2Fv2%2Fmedia&parent=90"}],"curies":[{"name":"wp","href":"https:\/\/api.w.org\/{rel}","templated":true}]}}